{"id":4020,"date":"2023-04-21T11:11:41","date_gmt":"2023-04-21T09:11:41","guid":{"rendered":"https:\/\/izoteryk.pl\/?post_type=product&#038;p=4020"},"modified":"2026-01-28T19:52:01","modified_gmt":"2026-01-28T18:52:01","slug":"bransoletka-z-kamienia-nefryt-bursztynowy-i-lawa-prasowana-kwiat-lotosu","status":"publish","type":"product","link":"https:\/\/izoteryk.pl\/?product=bransoletka-z-kamienia-nefryt-bursztynowy-i-lawa-prasowana-kwiat-lotosu","title":{"rendered":"Bransoletka z kamienia &#8211; nefryt bursztynowy i lawa prasowana &#8211; kwiat lotosu"},"content":{"rendered":"<p>Bransoletka wykonana z nefrytu bursztynowego i prasowanej lawy wulkanicznej &#8211; na podw\u00f3jnej gumce jubilerskiej nitkowej. Bardzo \u0142adn\u0105 ozdob\u0105 tej bransoletki jest metalowa zawieszka w kolorze srebrnym &#8211; kwiat lotosu i metalowe przek\u0142adki<\/p>\n<p>Gumka nitkowa sk\u0142ada si\u0119 z wielu cienkich gumeczek &#8211; jest elastyczna i trwa\u0142a, jednak jej trwa\u0142o\u015b\u0107 jak ka\u017cdej gumki jubilerskiej ma swoje granice &#8211; jej zalet\u0105 jest to, \u017ce nie p\u0119ka znienacka &#8211; kiedy bransoletka zrobi si\u0119 lu\u017ana lub wida\u0107 b\u0119dzie p\u0119kni\u0119cia pojedynczych cienkich gumeczek, to znak, \u017ce nale\u017cy wymieni\u0107 gumk\u0119 na now\u0105.<\/p>\n<p>Kwiat lotosu w hiduizmie symbolizuje delikatno\u015b\u0107, urod\u0119, energi\u0119 kobiecego pi\u0119kna i harmoni\u0119.<\/p>\n","protected":false},"excerpt":{"rendered":"<p>SPECYFIKACJA:<\/p>\n<ul>\n<li>Stan: nowe<\/li>\n<li>Kamie\u0144: Nefryt bursztynowy i lawa wulkaniczna<\/li>\n<li>Wymiary kamienia: kulka 8mm<\/li>\n<li>Zawieszka: metal<\/li>\n<li>Kolory: be\u017cowo-\u017c\u00f3\u0142ty, czarny, srebrny<\/li>\n<\/ul>\n","protected":false},"featured_media":4730,"comment_status":"open","ping_status":"closed","template":"","meta":[],"product_brand":[],"product_cat":[98,92,124,134,245,190,106,93,34,86,82,87,91,103,104,109,84,108,83],"product_tag":[],"class_list":{"0":"post-4020","1":"product","2":"type-product","3":"status-publish","4":"has-post-thumbnail","6":"product_cat-bezowy","7":"product_cat-czarny-kolor","8":"product_cat-harmonia","9":"product_cat-kobiecosc","10":"product_cat-piekno","11":"product_cat-spokoj","12":"product_cat-srebrny","13":"product_cat-zolty","14":"product_cat-amulety-i-talizmany","15":"product_cat-bizuteria","16":"product_cat-bransoletki","17":"product_cat-kamien","18":"product_cat-kolor","19":"product_cat-lawa-wulkaniczna","20":"product_cat-nefryt-bursztynowy","21":"product_cat-reka-fatimy","22":"product_cat-sklep-ezoteryczny","23":"product_cat-symbole","24":"product_cat-z-kamienia-amulety-i-talizmany","26":"first","27":"instock","28":"shipping-taxable","29":"purchasable","30":"product-type-simple"},"_links":{"self":[{"href":"https:\/\/izoteryk.pl\/index.php?rest_route=\/wp\/v2\/product\/4020","targetHints":{"allow":["GET"]}}],"collection":[{"href":"https:\/\/izoteryk.pl\/index.php?rest_route=\/wp\/v2\/product"}],"about":[{"href":"https:\/\/izoteryk.pl\/index.php?rest_route=\/wp\/v2\/types\/product"}],"replies":[{"embeddable":true,"href":"https:\/\/izoteryk.pl\/index.php?rest_route=%2Fwp%2Fv2%2Fcomments&post=4020"}],"wp:featuredmedia":[{"embeddable":true,"href":"https:\/\/izoteryk.pl\/index.php?rest_route=\/wp\/v2\/media\/4730"}],"wp:attachment":[{"href":"https:\/\/izoteryk.pl\/index.php?rest_route=%2Fwp%2Fv2%2Fmedia&parent=4020"}],"wp:term":[{"taxonomy":"product_brand","embeddable":true,"href":"https:\/\/izoteryk.pl\/index.php?rest_route=%2Fwp%2Fv2%2Fproduct_brand&post=4020"},{"taxonomy":"product_cat","embeddable":true,"href":"https:\/\/izoteryk.pl\/index.php?rest_route=%2Fwp%2Fv2%2Fproduct_cat&post=4020"},{"taxonomy":"product_tag","embeddable":true,"href":"https:\/\/izoteryk.pl\/index.php?rest_route=%2Fwp%2Fv2%2Fproduct_tag&post=4020"}],"curies":[{"name":"wp","href":"https:\/\/api.w.org\/{rel}","templated":true}]}}