{"id":3995,"date":"2023-04-20T18:57:48","date_gmt":"2023-04-20T16:57:48","guid":{"rendered":"https:\/\/izoteryk.pl\/?post_type=product&#038;p=3995"},"modified":"2026-02-14T21:53:03","modified_gmt":"2026-02-14T20:53:03","slug":"kadzidelka-patyczkowe-marki-krishan-o-zapachu-rozy","status":"publish","type":"product","link":"https:\/\/izoteryk.pl\/?product=kadzidelka-patyczkowe-marki-krishan-o-zapachu-rozy","title":{"rendered":"Kadzide\u0142ka patyczkowe marki Krishan o zapachu r\u00f3\u017cy"},"content":{"rendered":"<p>Kadzide\u0142ka na patyczkach marki KRISHAN &#8211; zapach Rose czyli r\u00f3\u017ca.<\/p>\n<p>Zapach r\u00f3\u017cy mo\u017cna wykorzysta\u0107 do rytua\u0142\u00f3w mi\u0142osnych. Czerwona r\u00f3\u017ca to symbol mi\u0142o\u015bci, nami\u0119tno\u015bci i pi\u0119kna.<\/p>\n<p>Uwaga!: Przy paleniu kadzide\u0142ek nale\u017cy zachowa\u0107 ostro\u017cno\u015b\u0107 \u2013 zadba\u0107 o odpowiedni\u0105 cyrkulacj\u0119 powietrza, pali\u0107 je w przeznaczonych do tego podstawkach, nie stawia\u0107 przy oknie, nie zostawia\u0107 zapalonego kadzide\u0142ka bez dozoru, chroni\u0107 przed dzie\u0107mi i zwierz\u0119tami.<\/p>\n<p>&nbsp;<\/p>\n","protected":false},"excerpt":{"rendered":"<p>SPECYFIKACJA:<\/p>\n<ul>\n<li>Stan: nowy<\/li>\n<li>Marka: KRISHAN<\/li>\n<li>Zapach: R\u00f3\u017ca<\/li>\n<li>D\u0142ugo\u015b\u0107 opakowania: 26cm<\/li>\n<li>D\u0142ugo\u015b\u0107 patyczk\u00f3w: 23cm<\/li>\n<li>Ilo\u015b\u0107 sztuk w opakowaniu: 8<\/li>\n<\/ul>\n","protected":false},"featured_media":5822,"comment_status":"open","ping_status":"closed","template":"","meta":[],"product_brand":[423],"product_cat":[134,85,238,245,177,148,160,246,84,161],"product_tag":[425],"class_list":{"0":"post-3995","1":"product","2":"type-product","3":"status-publish","4":"has-post-thumbnail","6":"product_brand-krishan","7":"product_cat-kobiecosc","8":"product_cat-milosc","9":"product_cat-patyczkowe","10":"product_cat-piekno","11":"product_cat-radosc","12":"product_cat-akcesoria-magiczne","13":"product_cat-kadzidelka","14":"product_cat-roza","15":"product_cat-sklep-ezoteryczny","16":"product_cat-zapachy","17":"product_tag-sklep-z-kadzidelkami","19":"first","20":"instock","21":"shipping-taxable","22":"purchasable","23":"product-type-simple"},"_links":{"self":[{"href":"https:\/\/izoteryk.pl\/index.php?rest_route=\/wp\/v2\/product\/3995","targetHints":{"allow":["GET"]}}],"collection":[{"href":"https:\/\/izoteryk.pl\/index.php?rest_route=\/wp\/v2\/product"}],"about":[{"href":"https:\/\/izoteryk.pl\/index.php?rest_route=\/wp\/v2\/types\/product"}],"replies":[{"embeddable":true,"href":"https:\/\/izoteryk.pl\/index.php?rest_route=%2Fwp%2Fv2%2Fcomments&post=3995"}],"wp:featuredmedia":[{"embeddable":true,"href":"https:\/\/izoteryk.pl\/index.php?rest_route=\/wp\/v2\/media\/5822"}],"wp:attachment":[{"href":"https:\/\/izoteryk.pl\/index.php?rest_route=%2Fwp%2Fv2%2Fmedia&parent=3995"}],"wp:term":[{"taxonomy":"product_brand","embeddable":true,"href":"https:\/\/izoteryk.pl\/index.php?rest_route=%2Fwp%2Fv2%2Fproduct_brand&post=3995"},{"taxonomy":"product_cat","embeddable":true,"href":"https:\/\/izoteryk.pl\/index.php?rest_route=%2Fwp%2Fv2%2Fproduct_cat&post=3995"},{"taxonomy":"product_tag","embeddable":true,"href":"https:\/\/izoteryk.pl\/index.php?rest_route=%2Fwp%2Fv2%2Fproduct_tag&post=3995"}],"curies":[{"name":"wp","href":"https:\/\/api.w.org\/{rel}","templated":true}]}}