{"id":3954,"date":"2023-04-18T19:00:36","date_gmt":"2023-04-18T17:00:36","guid":{"rendered":"https:\/\/izoteryk.pl\/?post_type=product&#038;p=3954"},"modified":"2026-01-28T20:00:57","modified_gmt":"2026-01-28T19:00:57","slug":"wahadelko-z-kamienia-naturalnego-onyks-kula-14mm","status":"publish","type":"product","link":"https:\/\/izoteryk.pl\/?product=wahadelko-z-kamienia-naturalnego-onyks-kula-14mm","title":{"rendered":"Wahade\u0142ko z kamienia naturalnego &#8211; onyks &#8211; kula 14mm"},"content":{"rendered":"<p>Pi\u0119kne wahade\u0142ko wykonane z agatu czarnego, tak zwanego onyksu zawieszone na \u0142a\u0144cuszku koloru srebrnego zako\u0144czonego ozdobnikiem w kszta\u0142cie li\u015bcia.<\/p>\n<p>Li\u015b\u0107 podobnie jak drzewo to symbol \u017cycia i \u015bmierci a tak\u017ce zdrowia<\/p>\n<p>Jednym z popularnych zastosowa\u0144 wahade\u0142ka jest poznawanie swojej w\u0142asnej pod\u015bwiadomo\u015bci &#8211; uzyskuj\u0105c odpowied\u017a tak lub nie mo\u017cna du\u017co si\u0119 dowiedzie\u0107 o sobie samym. Aby ustali\u0107 w kt\u00f3r\u0105 stron\u0119 wahade\u0142ko kr\u0119ci si\u0119 daj\u0105c odpowied\u017a tak a w kt\u00f3r\u0105 nie nale\u017cy zada\u0107 pytanie na kt\u00f3re zna si\u0119 odpowied\u017a i zaobserwowa\u0107 reakcj\u0119 wahade\u0142ka.<\/p>\n","protected":false},"excerpt":{"rendered":"<p>SPECYFIKACJA:<\/p>\n<ul>\n<li>Stan: nowe<\/li>\n<li>Marka: Art-Shakt<\/li>\n<li>Kamie\u0144: onyks<\/li>\n<li>\u015arednica: 14mm<\/li>\n<li>Kolor kamienia: czarny<\/li>\n<li>Materia\u0142: Kamie\u0144, metal<\/li>\n<li>Kolor \u0142a\u0144cuszka i metalowych ozdobnik\u00f3w: srebrny<\/li>\n<\/ul>\n","protected":false},"featured_media":3955,"comment_status":"open","ping_status":"closed","template":"","meta":[],"product_brand":[],"product_cat":[92,106,142,148,87,91,239,205,84,108,157],"product_tag":[406],"class_list":{"0":"post-3954","1":"product","2":"type-product","3":"status-publish","4":"has-post-thumbnail","6":"product_cat-czarny-kolor","7":"product_cat-srebrny","8":"product_cat-agat","9":"product_cat-akcesoria-magiczne","10":"product_cat-kamien","11":"product_cat-kolor","12":"product_cat-lisc","13":"product_cat-onyks","14":"product_cat-sklep-ezoteryczny","15":"product_cat-symbole","16":"product_cat-wahadelka","17":"product_tag-iza-studio-art","19":"first","20":"instock","21":"shipping-taxable","22":"purchasable","23":"product-type-simple"},"_links":{"self":[{"href":"https:\/\/izoteryk.pl\/index.php?rest_route=\/wp\/v2\/product\/3954","targetHints":{"allow":["GET"]}}],"collection":[{"href":"https:\/\/izoteryk.pl\/index.php?rest_route=\/wp\/v2\/product"}],"about":[{"href":"https:\/\/izoteryk.pl\/index.php?rest_route=\/wp\/v2\/types\/product"}],"replies":[{"embeddable":true,"href":"https:\/\/izoteryk.pl\/index.php?rest_route=%2Fwp%2Fv2%2Fcomments&post=3954"}],"wp:featuredmedia":[{"embeddable":true,"href":"https:\/\/izoteryk.pl\/index.php?rest_route=\/wp\/v2\/media\/3955"}],"wp:attachment":[{"href":"https:\/\/izoteryk.pl\/index.php?rest_route=%2Fwp%2Fv2%2Fmedia&parent=3954"}],"wp:term":[{"taxonomy":"product_brand","embeddable":true,"href":"https:\/\/izoteryk.pl\/index.php?rest_route=%2Fwp%2Fv2%2Fproduct_brand&post=3954"},{"taxonomy":"product_cat","embeddable":true,"href":"https:\/\/izoteryk.pl\/index.php?rest_route=%2Fwp%2Fv2%2Fproduct_cat&post=3954"},{"taxonomy":"product_tag","embeddable":true,"href":"https:\/\/izoteryk.pl\/index.php?rest_route=%2Fwp%2Fv2%2Fproduct_tag&post=3954"}],"curies":[{"name":"wp","href":"https:\/\/api.w.org\/{rel}","templated":true}]}}