{"id":3936,"date":"2023-04-15T00:29:10","date_gmt":"2023-04-14T22:29:10","guid":{"rendered":"https:\/\/izoteryk.pl\/?post_type=product&#038;p=3936"},"modified":"2026-01-28T20:00:57","modified_gmt":"2026-01-28T19:00:57","slug":"kot-wisiorek-zwierze-mocy","status":"publish","type":"product","link":"https:\/\/izoteryk.pl\/?product=kot-wisiorek-zwierze-mocy","title":{"rendered":"Kot &#8211; wisiorek &#8211; zwierz\u0119 mocy"},"content":{"rendered":"<p>Kot jako zwierz\u0119 mocy uczy zwracania wi\u0119kszej uwagi na swoje w\u0142asne potrzeby, przebywania w samotno\u015bci, polubienia siebie i niezale\u017cno\u015bci.<\/p>\n","protected":false},"excerpt":{"rendered":"<p>SPECYFIKACJA:<\/p>\n<ul>\n<li>Stan: nowe<\/li>\n<li>Marka: Art-Shakt<\/li>\n<li>Materia\u0142: metal<\/li>\n<li>Kolor: stare z\u0142oto<\/li>\n<li>\u015arednica: 20mm<\/li>\n<li>Kolor sznurka: czarny<\/li>\n<li>D\u0142ugo\u015b\u0107 sznurka: 45cm<\/li>\n<\/ul>\n","protected":false},"featured_media":3937,"comment_status":"open","ping_status":"closed","template":"","meta":[],"product_brand":[],"product_cat":[92,202,34,86,91,235,84,38,234],"product_tag":[],"class_list":{"0":"post-3936","1":"product","2":"type-product","3":"status-publish","4":"has-post-thumbnail","6":"product_cat-czarny-kolor","7":"product_cat-stare-zloto","8":"product_cat-amulety-i-talizmany","9":"product_cat-bizuteria","10":"product_cat-kolor","11":"product_cat-kot","12":"product_cat-sklep-ezoteryczny","13":"product_cat-wisiorki","14":"product_cat-zwierze-mocy","16":"first","17":"instock","18":"shipping-taxable","19":"purchasable","20":"product-type-simple"},"_links":{"self":[{"href":"https:\/\/izoteryk.pl\/index.php?rest_route=\/wp\/v2\/product\/3936","targetHints":{"allow":["GET"]}}],"collection":[{"href":"https:\/\/izoteryk.pl\/index.php?rest_route=\/wp\/v2\/product"}],"about":[{"href":"https:\/\/izoteryk.pl\/index.php?rest_route=\/wp\/v2\/types\/product"}],"replies":[{"embeddable":true,"href":"https:\/\/izoteryk.pl\/index.php?rest_route=%2Fwp%2Fv2%2Fcomments&post=3936"}],"wp:featuredmedia":[{"embeddable":true,"href":"https:\/\/izoteryk.pl\/index.php?rest_route=\/wp\/v2\/media\/3937"}],"wp:attachment":[{"href":"https:\/\/izoteryk.pl\/index.php?rest_route=%2Fwp%2Fv2%2Fmedia&parent=3936"}],"wp:term":[{"taxonomy":"product_brand","embeddable":true,"href":"https:\/\/izoteryk.pl\/index.php?rest_route=%2Fwp%2Fv2%2Fproduct_brand&post=3936"},{"taxonomy":"product_cat","embeddable":true,"href":"https:\/\/izoteryk.pl\/index.php?rest_route=%2Fwp%2Fv2%2Fproduct_cat&post=3936"},{"taxonomy":"product_tag","embeddable":true,"href":"https:\/\/izoteryk.pl\/index.php?rest_route=%2Fwp%2Fv2%2Fproduct_tag&post=3936"}],"curies":[{"name":"wp","href":"https:\/\/api.w.org\/{rel}","templated":true}]}}