{"id":3910,"date":"2023-04-13T21:00:56","date_gmt":"2023-04-13T19:00:56","guid":{"rendered":"https:\/\/izoteryk.pl\/?post_type=product&#038;p=3910"},"modified":"2026-01-28T20:00:58","modified_gmt":"2026-01-28T19:00:58","slug":"ringtriquetra-wisiorek-z-poganskim-troj-wezlem","status":"publish","type":"product","link":"https:\/\/izoteryk.pl\/?product=ringtriquetra-wisiorek-z-poganskim-troj-wezlem","title":{"rendered":"Ringtriquetra &#8211; wisiorek z poga\u0144skim tr\u00f3j-w\u0119z\u0142em"},"content":{"rendered":"<p>Triquetra, czyli potr\u00f3jny poga\u0144ski w\u0119ze\u0142 przedstawiony na wisiorku jest wpleciony w okr\u0105g, czyli jest to tak zwana Ringtriquetra. Zar\u00f3wno liczba trzy, jak i obr\u0119cz ko\u0142a maj\u0105 swoje znaczenie magiczne. Okr\u0105g jest symbolem typowo ochronnym &#8211; oznacza wyznaczon\u0105 przestrze\u0144 w kt\u00f3rej mo\u017cna czu\u0107 si\u0119 bezpiecznie, natomiast liczba trzy tworzy pe\u0142ni\u0119 &#8211; trzy stany \u015bwiadomo\u015bci to pod\u015bwiadomo\u015b\u0107, \u015bwiadomo\u015b\u0107 i nad\u015bwiadomo\u015b\u0107; trzy formy czasu to przesz\u0142o\u015b\u0107, tera\u017aniejszo\u015b\u0107 i przysz\u0142o\u015b\u0107; tr\u00f3jca hinduistyczna to Brahma, Wisznu i Shiva; w chrze\u015bcija\u0144stwie to Tr\u00f3jca \u015awi\u0119ta &#8211; B\u00f3g Ojciec, Syn Bo\u017cy i Duch \u015awi\u0119ty: i tak dalej&#8230;<\/p>\n<p>Triquetra inaczej nazywana w\u0119z\u0142em celtyckim oznacza kr\u0119te \u015bcie\u017cki ludzkiego \u017cycia &#8211; w\u0119ze\u0142 ten noszony jako talizman umacnia wi\u0119zi i pot\u0119guje mi\u0142o\u015b\u0107 natomiast noszony jako amulet chroni przed fa\u0142szem i nieuczciwo\u015bci\u0105.<\/p>\n<p>Triquetra jest cz\u0119sto wykorzystywana w religii Wicca i oznacza, \u017ce to co wysy\u0142asz wraca potrojone.<\/p>\n","protected":false},"excerpt":{"rendered":"<p>SPECYFIKACJA:<\/p>\n<ul>\n<li>Stan: nowe<\/li>\n<li>Marka: Art-Shakt<\/li>\n<li>Materia\u0142: metal<\/li>\n<li>Kolor: srebrny<\/li>\n<li>Kolor sznurka: czarny<\/li>\n<li>Wymiary zawieszki: 30mm<\/li>\n<li>D\u0142ugo\u015b\u0107 sznurka: ok. 48mm plus 3cm regulacji<\/li>\n<\/ul>\n","protected":false},"featured_media":3911,"comment_status":"open","ping_status":"closed","template":"","meta":[],"product_brand":[],"product_cat":[92,124,191,85,107,114,106,201,34,86,91,228,84,108,227,38,42],"product_tag":[],"class_list":{"0":"post-3910","1":"product","2":"type-product","3":"status-publish","4":"has-post-thumbnail","6":"product_cat-czarny-kolor","7":"product_cat-harmonia","8":"product_cat-komunikacja","9":"product_cat-milosc","10":"product_cat-ochrona","11":"product_cat-rownowaga","12":"product_cat-srebrny","13":"product_cat-szczescie","14":"product_cat-amulety-i-talizmany","15":"product_cat-bizuteria","16":"product_cat-kolor","17":"product_cat-ringtriquetra","18":"product_cat-sklep-ezoteryczny","19":"product_cat-symbole","20":"product_cat-triquetra","21":"product_cat-wisiorki","22":"product_cat-z-metalu","24":"first","25":"instock","26":"shipping-taxable","27":"purchasable","28":"product-type-simple"},"_links":{"self":[{"href":"https:\/\/izoteryk.pl\/index.php?rest_route=\/wp\/v2\/product\/3910","targetHints":{"allow":["GET"]}}],"collection":[{"href":"https:\/\/izoteryk.pl\/index.php?rest_route=\/wp\/v2\/product"}],"about":[{"href":"https:\/\/izoteryk.pl\/index.php?rest_route=\/wp\/v2\/types\/product"}],"replies":[{"embeddable":true,"href":"https:\/\/izoteryk.pl\/index.php?rest_route=%2Fwp%2Fv2%2Fcomments&post=3910"}],"wp:featuredmedia":[{"embeddable":true,"href":"https:\/\/izoteryk.pl\/index.php?rest_route=\/wp\/v2\/media\/3911"}],"wp:attachment":[{"href":"https:\/\/izoteryk.pl\/index.php?rest_route=%2Fwp%2Fv2%2Fmedia&parent=3910"}],"wp:term":[{"taxonomy":"product_brand","embeddable":true,"href":"https:\/\/izoteryk.pl\/index.php?rest_route=%2Fwp%2Fv2%2Fproduct_brand&post=3910"},{"taxonomy":"product_cat","embeddable":true,"href":"https:\/\/izoteryk.pl\/index.php?rest_route=%2Fwp%2Fv2%2Fproduct_cat&post=3910"},{"taxonomy":"product_tag","embeddable":true,"href":"https:\/\/izoteryk.pl\/index.php?rest_route=%2Fwp%2Fv2%2Fproduct_tag&post=3910"}],"curies":[{"name":"wp","href":"https:\/\/api.w.org\/{rel}","templated":true}]}}