{"id":3877,"date":"2023-03-20T11:01:09","date_gmt":"2023-03-20T10:01:09","guid":{"rendered":"https:\/\/izoteryk.pl\/?post_type=product&#038;p=3877"},"modified":"2026-01-28T20:10:44","modified_gmt":"2026-01-28T19:10:44","slug":"bransoletka-na-czerwonym-sznurku-kluczyk-regulowana","status":"publish","type":"product","link":"https:\/\/izoteryk.pl\/?product=bransoletka-na-czerwonym-sznurku-kluczyk-regulowana","title":{"rendered":"Bransoletka na czerwonym sznurku &#8211; kluczyk &#8211; regulowana"},"content":{"rendered":"<p>Bransoletka na naturalnym sznurku &#8211; regulowana &#8211; z zawieszk\u0105 w kszta\u0142cie kluczyka w kolorze starego z\u0142ota.<\/p>\n<p>Kluczyk uwa\u017cany jest za symbol, kt\u00f3ry otwiera wszystkie zamki i niedost\u0119pne przej\u015bcia &#8211; otwiera wi\u0119c drog\u0119 do wszelkich nowych mo\u017cliwo\u015bci, pomaga doj\u015b\u0107 do celu, pokonuje blokady, mo\u017ce te\u017c otworzy\u0107 drog\u0119 do czyjego\u015b serca &#8211; jak wida\u0107 symbol ten mo\u017cna dopasowa\u0107 do wielu r\u00f3\u017cnych sytuacji \u017cyciowych &#8211; mo\u017ce pom\u00f3c w rozwoju osobistym, nauce, podr\u00f3\u017cy, zdrowiu, sprawach zawodowych, biznesowych i w uczuciach \ud83d\ude42<\/p>\n","protected":false},"excerpt":{"rendered":"<p>SPECYFIKACJA<\/p>\n<ul>\n<li>Stan: nowe<\/li>\n<li>Marka: Iza Studio ART<\/li>\n<li>Materia\u0142: metal, sznurek naturalny, bawe\u0142niany, woskowany<\/li>\n<li>Kolor sznurka: czerwony<\/li>\n<li>Szeroko\u015b\u0107 sznurka: 2mm<\/li>\n<li>Kolor zawieszki: stare z\u0142oto<\/li>\n<li>Symbol: kluczyk<\/li>\n<li>Wymiary zawieszki: 28x10mm<\/li>\n<\/ul>\n","protected":false},"featured_media":5805,"comment_status":"open","ping_status":"closed","template":"","meta":[],"product_brand":[],"product_cat":[113,176,134,191,85,188,204,189,202,137,201,117,112,34,86,82,221,174,42],"product_tag":[],"class_list":{"0":"post-3877","1":"product","2":"type-product","3":"status-publish","4":"has-post-thumbnail","6":"product_cat-bogactwo","7":"product_cat-czerwony","8":"product_cat-kobiecosc","9":"product_cat-komunikacja","10":"product_cat-milosc","11":"product_cat-namietnosc","12":"product_cat-obfitosc","13":"product_cat-sila-przebicia","14":"product_cat-stare-zloto","15":"product_cat-sukces","16":"product_cat-szczescie","17":"product_cat-uniwersalna-moc","18":"product_cat-zdrowie","19":"product_cat-amulety-i-talizmany","20":"product_cat-bizuteria","21":"product_cat-bransoletki","22":"product_cat-kluczyk","23":"product_cat-pozbywanie-sie-blokad","24":"product_cat-z-metalu","26":"first","27":"instock","28":"shipping-taxable","29":"purchasable","30":"product-type-simple"},"_links":{"self":[{"href":"https:\/\/izoteryk.pl\/index.php?rest_route=\/wp\/v2\/product\/3877","targetHints":{"allow":["GET"]}}],"collection":[{"href":"https:\/\/izoteryk.pl\/index.php?rest_route=\/wp\/v2\/product"}],"about":[{"href":"https:\/\/izoteryk.pl\/index.php?rest_route=\/wp\/v2\/types\/product"}],"replies":[{"embeddable":true,"href":"https:\/\/izoteryk.pl\/index.php?rest_route=%2Fwp%2Fv2%2Fcomments&post=3877"}],"wp:featuredmedia":[{"embeddable":true,"href":"https:\/\/izoteryk.pl\/index.php?rest_route=\/wp\/v2\/media\/5805"}],"wp:attachment":[{"href":"https:\/\/izoteryk.pl\/index.php?rest_route=%2Fwp%2Fv2%2Fmedia&parent=3877"}],"wp:term":[{"taxonomy":"product_brand","embeddable":true,"href":"https:\/\/izoteryk.pl\/index.php?rest_route=%2Fwp%2Fv2%2Fproduct_brand&post=3877"},{"taxonomy":"product_cat","embeddable":true,"href":"https:\/\/izoteryk.pl\/index.php?rest_route=%2Fwp%2Fv2%2Fproduct_cat&post=3877"},{"taxonomy":"product_tag","embeddable":true,"href":"https:\/\/izoteryk.pl\/index.php?rest_route=%2Fwp%2Fv2%2Fproduct_tag&post=3877"}],"curies":[{"name":"wp","href":"https:\/\/api.w.org\/{rel}","templated":true}]}}