{"id":3873,"date":"2023-03-20T04:12:05","date_gmt":"2023-03-20T03:12:05","guid":{"rendered":"https:\/\/izoteryk.pl\/?post_type=product&#038;p=3873"},"modified":"2026-01-28T20:06:19","modified_gmt":"2026-01-28T19:06:19","slug":"bransoletka-na-czerwonym-sznurku-serce-regulowana","status":"publish","type":"product","link":"https:\/\/izoteryk.pl\/?product=bransoletka-na-czerwonym-sznurku-serce-regulowana","title":{"rendered":"Bransoletka na czerwonym sznurku &#8211; serce &#8211; regulowana"},"content":{"rendered":"<p>Bransoletka na naturalnym sznurku &#8211; regulowana z zawieszk\u0105 w kszta\u0142cie serca w kolorze starego z\u0142ota.<\/p>\n<p>Serce od dawien dawna uwa\u017cane jest za symbol mi\u0142o\u015bci, natomiast kolor czerwony powi\u0105zany jest z \u017cywio\u0142em ognia i nami\u0119tno\u015bci\u0105 &#8211; mo\u017cna wi\u0119c u\u017cywa\u0107 bransoletki do wzbudzania nami\u0119tno\u015bci u partnera. Pomijaj\u0105c magi\u0119 wiadomo, \u017ce czerwony kolor wyj\u0105tkowo dzia\u0142a na m\u0119\u017cczyzn.<\/p>\n<p>Bransoletka dla kobiet, kt\u00f3re chcia\u0142yby mie\u0107 swojego m\u0119\u017cczyzn\u0119 u swych st\u00f3p \ud83d\ude09<\/p>\n","protected":false},"excerpt":{"rendered":"<p>SPECYFIKACJA<\/p>\n<ul>\n<li>Stan: nowe<\/li>\n<li>Marka: Iza Studio ART<\/li>\n<li>Materia\u0142: metal, sznurek naturalny, bawe\u0142niany, woskowany<\/li>\n<li>Kolor sznurka: czerwony<\/li>\n<li>Szeroko\u015b\u0107 sznurka: 2mm<\/li>\n<li>Kolor zawieszki: stare z\u0142oto<\/li>\n<li>Symbol: serce<\/li>\n<li>Wymiary zawieszki: 20x10mm<\/li>\n<\/ul>\n","protected":false},"featured_media":5809,"comment_status":"open","ping_status":"closed","template":"","meta":[],"product_brand":[],"product_cat":[176,134,85,188,202,34,86,82,132,42],"product_tag":[],"class_list":{"0":"post-3873","1":"product","2":"type-product","3":"status-publish","4":"has-post-thumbnail","6":"product_cat-czerwony","7":"product_cat-kobiecosc","8":"product_cat-milosc","9":"product_cat-namietnosc","10":"product_cat-stare-zloto","11":"product_cat-amulety-i-talizmany","12":"product_cat-bizuteria","13":"product_cat-bransoletki","14":"product_cat-serce","15":"product_cat-z-metalu","17":"first","18":"instock","19":"shipping-taxable","20":"purchasable","21":"product-type-simple"},"_links":{"self":[{"href":"https:\/\/izoteryk.pl\/index.php?rest_route=\/wp\/v2\/product\/3873","targetHints":{"allow":["GET"]}}],"collection":[{"href":"https:\/\/izoteryk.pl\/index.php?rest_route=\/wp\/v2\/product"}],"about":[{"href":"https:\/\/izoteryk.pl\/index.php?rest_route=\/wp\/v2\/types\/product"}],"replies":[{"embeddable":true,"href":"https:\/\/izoteryk.pl\/index.php?rest_route=%2Fwp%2Fv2%2Fcomments&post=3873"}],"wp:featuredmedia":[{"embeddable":true,"href":"https:\/\/izoteryk.pl\/index.php?rest_route=\/wp\/v2\/media\/5809"}],"wp:attachment":[{"href":"https:\/\/izoteryk.pl\/index.php?rest_route=%2Fwp%2Fv2%2Fmedia&parent=3873"}],"wp:term":[{"taxonomy":"product_brand","embeddable":true,"href":"https:\/\/izoteryk.pl\/index.php?rest_route=%2Fwp%2Fv2%2Fproduct_brand&post=3873"},{"taxonomy":"product_cat","embeddable":true,"href":"https:\/\/izoteryk.pl\/index.php?rest_route=%2Fwp%2Fv2%2Fproduct_cat&post=3873"},{"taxonomy":"product_tag","embeddable":true,"href":"https:\/\/izoteryk.pl\/index.php?rest_route=%2Fwp%2Fv2%2Fproduct_tag&post=3873"}],"curies":[{"name":"wp","href":"https:\/\/api.w.org\/{rel}","templated":true}]}}