{"id":3868,"date":"2023-03-19T09:17:43","date_gmt":"2023-03-19T08:17:43","guid":{"rendered":"https:\/\/izoteryk.pl\/?post_type=product&#038;p=3868"},"modified":"2026-01-28T20:06:19","modified_gmt":"2026-01-28T19:06:19","slug":"bransoletka-astrologiczna-na-czerwonym-sznurku-regulowana-znak-zodiaku-ryby","status":"publish","type":"product","link":"https:\/\/izoteryk.pl\/?product=bransoletka-astrologiczna-na-czerwonym-sznurku-regulowana-znak-zodiaku-ryby","title":{"rendered":"Wisiorek astrologiczny &#8211; na regulowanym sznurku &#8211; znak zodiaku Ryby"},"content":{"rendered":"<p>Wisiorek ze znakiem zodiaku &#8211; Ryby &#8211; na regulowanym sznurku. Po jednej stronie medalika jest wizerunek ryb i napis Pisces a na odwrocie astrologiczny symbol tego znaku i napis Intuitive co t\u0142umacz\u0105c z j. angielskiego znaczy intuicyjny.<\/p>\n<p>Bi\u017cuteri\u0119 ze swoim znakiem zodiaku mo\u017cna nosi\u0107 jako talizman przynosz\u0105cy szcz\u0119\u015bcie<\/p>\n","protected":false},"excerpt":{"rendered":"<p>SPECYFIKACJA:<\/p>\n<ul>\n<li>Stan: nowe<\/li>\n<li>Marka: Art-Shakt<\/li>\n<li>Znak zodiaku: Ryby<\/li>\n<li>Materia\u0142: metal<\/li>\n<li>Kolor medalika: Stare z\u0142oto<\/li>\n<li>Kolor sznurka: czarny<\/li>\n<li>\u015arednica zawieszki: 17mm<\/li>\n<\/ul>\n","protected":false},"featured_media":5237,"comment_status":"open","ping_status":"closed","template":"","meta":[],"product_brand":[],"product_cat":[176,107,202,201,231,34,208,86,82,84,42,209],"product_tag":[],"class_list":{"0":"post-3868","1":"product","2":"type-product","3":"status-publish","4":"has-post-thumbnail","6":"product_cat-czerwony","7":"product_cat-ochrona","8":"product_cat-stare-zloto","9":"product_cat-szczescie","10":"product_cat-12-ryby","11":"product_cat-amulety-i-talizmany","12":"product_cat-astrologia","13":"product_cat-bizuteria","14":"product_cat-bransoletki","15":"product_cat-sklep-ezoteryczny","16":"product_cat-z-metalu","17":"product_cat-znaki-zodiaku","19":"first","20":"instock","21":"shipping-taxable","22":"purchasable","23":"product-type-simple"},"_links":{"self":[{"href":"https:\/\/izoteryk.pl\/index.php?rest_route=\/wp\/v2\/product\/3868","targetHints":{"allow":["GET"]}}],"collection":[{"href":"https:\/\/izoteryk.pl\/index.php?rest_route=\/wp\/v2\/product"}],"about":[{"href":"https:\/\/izoteryk.pl\/index.php?rest_route=\/wp\/v2\/types\/product"}],"replies":[{"embeddable":true,"href":"https:\/\/izoteryk.pl\/index.php?rest_route=%2Fwp%2Fv2%2Fcomments&post=3868"}],"wp:featuredmedia":[{"embeddable":true,"href":"https:\/\/izoteryk.pl\/index.php?rest_route=\/wp\/v2\/media\/5237"}],"wp:attachment":[{"href":"https:\/\/izoteryk.pl\/index.php?rest_route=%2Fwp%2Fv2%2Fmedia&parent=3868"}],"wp:term":[{"taxonomy":"product_brand","embeddable":true,"href":"https:\/\/izoteryk.pl\/index.php?rest_route=%2Fwp%2Fv2%2Fproduct_brand&post=3868"},{"taxonomy":"product_cat","embeddable":true,"href":"https:\/\/izoteryk.pl\/index.php?rest_route=%2Fwp%2Fv2%2Fproduct_cat&post=3868"},{"taxonomy":"product_tag","embeddable":true,"href":"https:\/\/izoteryk.pl\/index.php?rest_route=%2Fwp%2Fv2%2Fproduct_tag&post=3868"}],"curies":[{"name":"wp","href":"https:\/\/api.w.org\/{rel}","templated":true}]}}