{"id":3825,"date":"2023-03-17T17:25:16","date_gmt":"2023-03-17T16:25:16","guid":{"rendered":"https:\/\/izoteryk.pl\/?post_type=product&#038;p=3825"},"modified":"2026-01-28T20:06:20","modified_gmt":"2026-01-28T19:06:20","slug":"bransoletka-astrologiczna-na-czerwonym-sznurku-regulowana-znak-zodiaku-byk","status":"publish","type":"product","link":"https:\/\/izoteryk.pl\/?product=bransoletka-astrologiczna-na-czerwonym-sznurku-regulowana-znak-zodiaku-byk","title":{"rendered":"Wisiorek astrologiczny &#8211; na regulowanym sznurku &#8211; znak zodiaku Byk"},"content":{"rendered":"<p>Wisiorek ze znakiem zodiaku &#8211; Byk &#8211; na regulowanym sznurku. Po jednej stronie medalika jest wizerunek byka i napis Taurus a na odwrocie astrologiczny symbol tego znaku i napis Trustworthy co t\u0142umacz\u0105c z j. angielskiego znaczy godny zaufania.<\/p>\n<p>Bi\u017cuteri\u0119 ze swoim znakiem zodiaku mo\u017cna nosi\u0107 jako talizman przynosz\u0105cy szcz\u0119\u015bcie<\/p>\n","protected":false},"excerpt":{"rendered":"<p>SPECYFIKACJA:<\/p>\n<ul>\n<li>Stan: nowe<\/li>\n<li>Marka: Iza Studio ART<\/li>\n<li>Znak zodiaku: Byk<\/li>\n<li>Materia\u0142: metal<\/li>\n<li>Kolor medalika: Stare z\u0142oto<\/li>\n<li>Kolor sznurka: czarny<\/li>\n<\/ul>\n","protected":false},"featured_media":5142,"comment_status":"open","ping_status":"closed","template":"","meta":[],"product_brand":[],"product_cat":[92,202,201,211,34,208,86,84,38,42,209],"product_tag":[],"class_list":{"0":"post-3825","1":"product","2":"type-product","3":"status-publish","4":"has-post-thumbnail","6":"product_cat-czarny-kolor","7":"product_cat-stare-zloto","8":"product_cat-szczescie","9":"product_cat-02-byk","10":"product_cat-amulety-i-talizmany","11":"product_cat-astrologia","12":"product_cat-bizuteria","13":"product_cat-sklep-ezoteryczny","14":"product_cat-wisiorki","15":"product_cat-z-metalu","16":"product_cat-znaki-zodiaku","18":"first","19":"instock","20":"shipping-taxable","21":"purchasable","22":"product-type-simple"},"_links":{"self":[{"href":"https:\/\/izoteryk.pl\/index.php?rest_route=\/wp\/v2\/product\/3825","targetHints":{"allow":["GET"]}}],"collection":[{"href":"https:\/\/izoteryk.pl\/index.php?rest_route=\/wp\/v2\/product"}],"about":[{"href":"https:\/\/izoteryk.pl\/index.php?rest_route=\/wp\/v2\/types\/product"}],"replies":[{"embeddable":true,"href":"https:\/\/izoteryk.pl\/index.php?rest_route=%2Fwp%2Fv2%2Fcomments&post=3825"}],"wp:featuredmedia":[{"embeddable":true,"href":"https:\/\/izoteryk.pl\/index.php?rest_route=\/wp\/v2\/media\/5142"}],"wp:attachment":[{"href":"https:\/\/izoteryk.pl\/index.php?rest_route=%2Fwp%2Fv2%2Fmedia&parent=3825"}],"wp:term":[{"taxonomy":"product_brand","embeddable":true,"href":"https:\/\/izoteryk.pl\/index.php?rest_route=%2Fwp%2Fv2%2Fproduct_brand&post=3825"},{"taxonomy":"product_cat","embeddable":true,"href":"https:\/\/izoteryk.pl\/index.php?rest_route=%2Fwp%2Fv2%2Fproduct_cat&post=3825"},{"taxonomy":"product_tag","embeddable":true,"href":"https:\/\/izoteryk.pl\/index.php?rest_route=%2Fwp%2Fv2%2Fproduct_tag&post=3825"}],"curies":[{"name":"wp","href":"https:\/\/api.w.org\/{rel}","templated":true}]}}