{"id":3817,"date":"2023-03-17T15:15:31","date_gmt":"2023-03-17T14:15:31","guid":{"rendered":"https:\/\/izoteryk.pl\/?post_type=product&#038;p=3817"},"modified":"2026-01-28T20:06:20","modified_gmt":"2026-01-28T19:06:20","slug":"buteleczka-szklana-32x14mm-z-kamykami-onyks","status":"publish","type":"product","link":"https:\/\/izoteryk.pl\/?product=buteleczka-szklana-32x14mm-z-kamykami-onyks","title":{"rendered":"Buteleczka szklana 32x14mm z kamykami &#8211; onyks"},"content":{"rendered":"<p>Buteleczka szklana nape\u0142niona drobnymi kamyczkami onyksu, czyli agatu czarnego &#8211; uwa\u017ca si\u0119, \u017ce jest to kamie\u0144 ochronny, usuwaj\u0105cy wszelkie przeszkody, oraz osoby nieprzychylne, lub fa\u0142szywe robi\u0105c miejsce na nowe lepsze znajomo\u015bci.<\/p>\n","protected":false},"excerpt":{"rendered":"<p>SPECYFIKACJA:<\/p>\n<ul>\n<li>Stan: nowe<\/li>\n<li>Kamie\u0144: onyks<\/li>\n<li>Wymiary buteleczki: 32x14mm<\/li>\n<\/ul>\n","protected":false},"featured_media":5851,"comment_status":"open","ping_status":"closed","template":"","meta":[],"product_brand":[],"product_cat":[92,107,116,131,186,142,207,148,34,199,87,91,30,205,206,84],"product_tag":[],"class_list":{"0":"post-3817","1":"product","2":"type-product","3":"status-publish","4":"has-post-thumbnail","6":"product_cat-czarny-kolor","7":"product_cat-ochrona","8":"product_cat-oczyszczanie","9":"product_cat-opatrznosc","10":"product_cat-pozbywanie-sie-problemu","11":"product_cat-agat","12":"product_cat-agat-mineraly","13":"product_cat-akcesoria-magiczne","14":"product_cat-amulety-i-talizmany","15":"product_cat-buteleczki-sloiczki","16":"product_cat-kamien","17":"product_cat-kolor","18":"product_cat-mineraly","19":"product_cat-onyks","20":"product_cat-onyks-mineraly","21":"product_cat-sklep-ezoteryczny","23":"first","24":"instock","25":"shipping-taxable","26":"purchasable","27":"product-type-simple"},"_links":{"self":[{"href":"https:\/\/izoteryk.pl\/index.php?rest_route=\/wp\/v2\/product\/3817","targetHints":{"allow":["GET"]}}],"collection":[{"href":"https:\/\/izoteryk.pl\/index.php?rest_route=\/wp\/v2\/product"}],"about":[{"href":"https:\/\/izoteryk.pl\/index.php?rest_route=\/wp\/v2\/types\/product"}],"replies":[{"embeddable":true,"href":"https:\/\/izoteryk.pl\/index.php?rest_route=%2Fwp%2Fv2%2Fcomments&post=3817"}],"wp:featuredmedia":[{"embeddable":true,"href":"https:\/\/izoteryk.pl\/index.php?rest_route=\/wp\/v2\/media\/5851"}],"wp:attachment":[{"href":"https:\/\/izoteryk.pl\/index.php?rest_route=%2Fwp%2Fv2%2Fmedia&parent=3817"}],"wp:term":[{"taxonomy":"product_brand","embeddable":true,"href":"https:\/\/izoteryk.pl\/index.php?rest_route=%2Fwp%2Fv2%2Fproduct_brand&post=3817"},{"taxonomy":"product_cat","embeddable":true,"href":"https:\/\/izoteryk.pl\/index.php?rest_route=%2Fwp%2Fv2%2Fproduct_cat&post=3817"},{"taxonomy":"product_tag","embeddable":true,"href":"https:\/\/izoteryk.pl\/index.php?rest_route=%2Fwp%2Fv2%2Fproduct_tag&post=3817"}],"curies":[{"name":"wp","href":"https:\/\/api.w.org\/{rel}","templated":true}]}}