{"id":3813,"date":"2023-03-17T15:02:46","date_gmt":"2023-03-17T14:02:46","guid":{"rendered":"https:\/\/izoteryk.pl\/?post_type=product&#038;p=3813"},"modified":"2026-01-28T20:06:20","modified_gmt":"2026-01-28T19:06:20","slug":"buteleczka-szklana-32x14mm-z-kamykami-tygrysie-oko","status":"publish","type":"product","link":"https:\/\/izoteryk.pl\/?product=buteleczka-szklana-32x14mm-z-kamykami-tygrysie-oko","title":{"rendered":"Buteleczka szklana 32x14mm z kamykami &#8211; tygrysie oko"},"content":{"rendered":"<p>Buteleczka szklana nape\u0142niona drobnymi kamyczkami tygrysiego oka &#8211; uwa\u017ca si\u0119, \u017ce jest to kamie\u0144 przyci\u0105gaj\u0105cy pieni\u0105dze, bogactwo i wszelk\u0105 obfito\u015b\u0107<\/p>\n","protected":false},"excerpt":{"rendered":"<p>SPECYFIKACJA:<\/p>\n<ul>\n<li>Stan: nowe<\/li>\n<li>Kamie\u0144: tygrysie oko<\/li>\n<li>Wymiary: 32x14mm<\/li>\n<\/ul>\n","protected":false},"featured_media":5852,"comment_status":"open","ping_status":"closed","template":"","meta":[],"product_brand":[],"product_cat":[113,94,204,189,137,93,148,34,199,87,91,84,88],"product_tag":[],"class_list":{"0":"post-3813","1":"product","2":"type-product","3":"status-publish","4":"has-post-thumbnail","6":"product_cat-bogactwo","7":"product_cat-brazowy","8":"product_cat-obfitosc","9":"product_cat-sila-przebicia","10":"product_cat-sukces","11":"product_cat-zolty","12":"product_cat-akcesoria-magiczne","13":"product_cat-amulety-i-talizmany","14":"product_cat-buteleczki-sloiczki","15":"product_cat-kamien","16":"product_cat-kolor","17":"product_cat-sklep-ezoteryczny","18":"product_cat-tygrysie-oko","20":"first","21":"instock","22":"shipping-taxable","23":"purchasable","24":"product-type-simple"},"_links":{"self":[{"href":"https:\/\/izoteryk.pl\/index.php?rest_route=\/wp\/v2\/product\/3813","targetHints":{"allow":["GET"]}}],"collection":[{"href":"https:\/\/izoteryk.pl\/index.php?rest_route=\/wp\/v2\/product"}],"about":[{"href":"https:\/\/izoteryk.pl\/index.php?rest_route=\/wp\/v2\/types\/product"}],"replies":[{"embeddable":true,"href":"https:\/\/izoteryk.pl\/index.php?rest_route=%2Fwp%2Fv2%2Fcomments&post=3813"}],"wp:featuredmedia":[{"embeddable":true,"href":"https:\/\/izoteryk.pl\/index.php?rest_route=\/wp\/v2\/media\/5852"}],"wp:attachment":[{"href":"https:\/\/izoteryk.pl\/index.php?rest_route=%2Fwp%2Fv2%2Fmedia&parent=3813"}],"wp:term":[{"taxonomy":"product_brand","embeddable":true,"href":"https:\/\/izoteryk.pl\/index.php?rest_route=%2Fwp%2Fv2%2Fproduct_brand&post=3813"},{"taxonomy":"product_cat","embeddable":true,"href":"https:\/\/izoteryk.pl\/index.php?rest_route=%2Fwp%2Fv2%2Fproduct_cat&post=3813"},{"taxonomy":"product_tag","embeddable":true,"href":"https:\/\/izoteryk.pl\/index.php?rest_route=%2Fwp%2Fv2%2Fproduct_tag&post=3813"}],"curies":[{"name":"wp","href":"https:\/\/api.w.org\/{rel}","templated":true}]}}