{"id":3808,"date":"2023-03-16T16:17:05","date_gmt":"2023-03-16T15:17:05","guid":{"rendered":"https:\/\/izoteryk.pl\/?post_type=product&#038;p=3808"},"modified":"2026-01-28T20:06:20","modified_gmt":"2026-01-28T19:06:20","slug":"szklana-buteleczka-z-kamyczkami-tygrysie-oko-talizman-na-pieniadze","status":"publish","type":"product","link":"https:\/\/izoteryk.pl\/?product=szklana-buteleczka-z-kamyczkami-tygrysie-oko-talizman-na-pieniadze","title":{"rendered":"Szklana buteleczka z kamyczkami &#8211; tygrysie oko &#8211; wisiorek &#8211; talizman na pieni\u0105dze"},"content":{"rendered":"<p>Ma\u0142a szklana buteleczka wype\u0142niona kamyczkami &#8211; tygrysie oko &#8211; na koreczku narysowana runa Fehu &#8211; na ko\u0144cach sznureczk\u00f3w monety feng shui &#8211; wszystko to ma przyci\u0105gn\u0105\u0107 pieni\u0105dze, bogactwo i wszelk\u0105 obfito\u015b\u0107.<\/p>\n","protected":false},"excerpt":{"rendered":"<p>SPECYFIKACJA:<\/p>\n<ul>\n<li>Stan: nowe<\/li>\n<li>Marka: Iza Studio ART<\/li>\n<li>Wymiary samej buteleczki bez koreczka: 32x14mm<\/li>\n<li>D\u0142ugo\u015b\u0107 sznurka: 70cm<\/li>\n<\/ul>\n","protected":false},"featured_media":3809,"comment_status":"open","ping_status":"closed","template":"","meta":[],"product_brand":[],"product_cat":[98,113,94,204,202,137,148,34,86,87,91,37,84,88,38],"product_tag":[],"class_list":{"0":"post-3808","1":"product","2":"type-product","3":"status-publish","4":"has-post-thumbnail","6":"product_cat-bezowy","7":"product_cat-bogactwo","8":"product_cat-brazowy","9":"product_cat-obfitosc","10":"product_cat-stare-zloto","11":"product_cat-sukces","12":"product_cat-akcesoria-magiczne","13":"product_cat-amulety-i-talizmany","14":"product_cat-bizuteria","15":"product_cat-kamien","16":"product_cat-kolor","17":"product_cat-runy","18":"product_cat-sklep-ezoteryczny","19":"product_cat-tygrysie-oko","20":"product_cat-wisiorki","22":"first","23":"outofstock","24":"shipping-taxable","25":"purchasable","26":"product-type-simple"},"_links":{"self":[{"href":"https:\/\/izoteryk.pl\/index.php?rest_route=\/wp\/v2\/product\/3808","targetHints":{"allow":["GET"]}}],"collection":[{"href":"https:\/\/izoteryk.pl\/index.php?rest_route=\/wp\/v2\/product"}],"about":[{"href":"https:\/\/izoteryk.pl\/index.php?rest_route=\/wp\/v2\/types\/product"}],"replies":[{"embeddable":true,"href":"https:\/\/izoteryk.pl\/index.php?rest_route=%2Fwp%2Fv2%2Fcomments&post=3808"}],"wp:featuredmedia":[{"embeddable":true,"href":"https:\/\/izoteryk.pl\/index.php?rest_route=\/wp\/v2\/media\/3809"}],"wp:attachment":[{"href":"https:\/\/izoteryk.pl\/index.php?rest_route=%2Fwp%2Fv2%2Fmedia&parent=3808"}],"wp:term":[{"taxonomy":"product_brand","embeddable":true,"href":"https:\/\/izoteryk.pl\/index.php?rest_route=%2Fwp%2Fv2%2Fproduct_brand&post=3808"},{"taxonomy":"product_cat","embeddable":true,"href":"https:\/\/izoteryk.pl\/index.php?rest_route=%2Fwp%2Fv2%2Fproduct_cat&post=3808"},{"taxonomy":"product_tag","embeddable":true,"href":"https:\/\/izoteryk.pl\/index.php?rest_route=%2Fwp%2Fv2%2Fproduct_tag&post=3808"}],"curies":[{"name":"wp","href":"https:\/\/api.w.org\/{rel}","templated":true}]}}