{"id":3805,"date":"2023-03-16T12:03:11","date_gmt":"2023-03-16T11:03:11","guid":{"rendered":"https:\/\/izoteryk.pl\/?post_type=product&#038;p=3805"},"modified":"2026-01-28T20:18:53","modified_gmt":"2026-01-28T19:18:53","slug":"bransoletka-na-sznurku-czterolistna-koniczynka-ornament","status":"publish","type":"product","link":"https:\/\/izoteryk.pl\/?product=bransoletka-na-sznurku-czterolistna-koniczynka-ornament","title":{"rendered":"Bransoletka na czerwonym sznurku &#8211; czterolistna koniczynka &#8211; ornament"},"content":{"rendered":"<p>Cudowna bransoletka z czterolistn\u0105 koniczynk\u0105 na szcz\u0119\u015bcie. Koniczynka jest w formie \u0142\u0105cznika ornamentowego w kolorze starego z\u0142ota. Bransoletka jest utworzona z delikatnego, czerwonego sznurka nylonowego &#8211; regulowana, ze \u015bci\u0105gaczem typu makrama.<\/p>\n<p>Czterolistna koniczynka od dawien dawna uwa\u017cana jest za symbol przynosz\u0105cy szcz\u0119\u015bcie.<\/p>\n","protected":false},"excerpt":{"rendered":"<p>SPECYFIKACJA<\/p>\n<ul>\n<li>Stan: nowe<\/li>\n<li>Marka: Art-Shakt<\/li>\n<li>Materia\u0142: metal, sznurek<\/li>\n<li>Kolor: stare z\u0142oto, czerwony<\/li>\n<\/ul>\n","protected":false},"featured_media":5772,"comment_status":"open","ping_status":"closed","template":"","meta":[],"product_brand":[],"product_cat":[176,202,201,34,86,82,203,91,84,42],"product_tag":[],"class_list":{"0":"post-3805","1":"product","2":"type-product","3":"status-publish","4":"has-post-thumbnail","6":"product_cat-czerwony","7":"product_cat-stare-zloto","8":"product_cat-szczescie","9":"product_cat-amulety-i-talizmany","10":"product_cat-bizuteria","11":"product_cat-bransoletki","12":"product_cat-czterolistna-koniczynka","13":"product_cat-kolor","14":"product_cat-sklep-ezoteryczny","15":"product_cat-z-metalu","17":"first","18":"instock","19":"shipping-taxable","20":"purchasable","21":"product-type-simple"},"_links":{"self":[{"href":"https:\/\/izoteryk.pl\/index.php?rest_route=\/wp\/v2\/product\/3805","targetHints":{"allow":["GET"]}}],"collection":[{"href":"https:\/\/izoteryk.pl\/index.php?rest_route=\/wp\/v2\/product"}],"about":[{"href":"https:\/\/izoteryk.pl\/index.php?rest_route=\/wp\/v2\/types\/product"}],"replies":[{"embeddable":true,"href":"https:\/\/izoteryk.pl\/index.php?rest_route=%2Fwp%2Fv2%2Fcomments&post=3805"}],"wp:featuredmedia":[{"embeddable":true,"href":"https:\/\/izoteryk.pl\/index.php?rest_route=\/wp\/v2\/media\/5772"}],"wp:attachment":[{"href":"https:\/\/izoteryk.pl\/index.php?rest_route=%2Fwp%2Fv2%2Fmedia&parent=3805"}],"wp:term":[{"taxonomy":"product_brand","embeddable":true,"href":"https:\/\/izoteryk.pl\/index.php?rest_route=%2Fwp%2Fv2%2Fproduct_brand&post=3805"},{"taxonomy":"product_cat","embeddable":true,"href":"https:\/\/izoteryk.pl\/index.php?rest_route=%2Fwp%2Fv2%2Fproduct_cat&post=3805"},{"taxonomy":"product_tag","embeddable":true,"href":"https:\/\/izoteryk.pl\/index.php?rest_route=%2Fwp%2Fv2%2Fproduct_tag&post=3805"}],"curies":[{"name":"wp","href":"https:\/\/api.w.org\/{rel}","templated":true}]}}