{"id":3756,"date":"2023-03-10T17:59:11","date_gmt":"2023-03-10T16:59:11","guid":{"rendered":"https:\/\/izoteryk.pl\/?post_type=product&#038;p=3756"},"modified":"2026-01-28T20:18:54","modified_gmt":"2026-01-28T19:18:54","slug":"karty-klasyczne-imperial-cartamundi-jedna-talia-55-listkow","status":"publish","type":"product","link":"https:\/\/izoteryk.pl\/?product=karty-klasyczne-imperial-cartamundi-jedna-talia-55-listkow","title":{"rendered":"Karty klasyczne &#8211; Imperial &#8211; Cartamundi &#8211; jedna talia 55 listk\u00f3w"},"content":{"rendered":"<p>Pi\u0119kna rosyjska stylizacja &#8211; bardzo \u0142adnie zdobione niebieskie ty\u0142y &#8211; super niespotykane Jokery, kt\u00f3rym mo\u017cna nada\u0107 znaczenie i w\u0142\u0105czy\u0107 je do wr\u00f3\u017cb &#8211; dobra jako\u015b\u0107 i cena<\/p>\n<p>Karty klasyczne od wiek\u00f3w wykorzystywane s\u0105 nie tylko do gry, ale i do wr\u00f3\u017cb. Istnieje wiele system\u00f3w wr\u00f3\u017cebnych &#8211; niekt\u00f3re wr\u00f3\u017cki pos\u0142uguj\u0105 si\u0119 taliami kart od si\u00f3demek a niekt\u00f3re pe\u0142nymi taliami &#8211; nale\u017cy wybra\u0107 t\u0119 metod\u0119, kt\u00f3ra najbardziej przypadnie do gustu.<\/p>\n","protected":false},"excerpt":{"rendered":"<p>SPECYFIKACJA:<\/p>\n<ul>\n<li>Stan: nowe<\/li>\n<li>Producent: Cartamundi<\/li>\n<li>Kolor ty\u0142\u00f3w: niebieski<\/li>\n<li>Wymiary opakowania: 9x6cm<\/li>\n<li>Made in EU<\/li>\n<\/ul>\n","protected":false},"featured_media":3757,"comment_status":"open","ping_status":"closed","template":"","meta":[],"product_brand":[],"product_cat":[148,197,198,84],"product_tag":[],"class_list":{"0":"post-3756","1":"product","2":"type-product","3":"status-publish","4":"has-post-thumbnail","6":"product_cat-akcesoria-magiczne","7":"product_cat-karty-do-wrozenia","8":"product_cat-klasyczne","9":"product_cat-sklep-ezoteryczny","11":"first","12":"instock","13":"shipping-taxable","14":"purchasable","15":"product-type-simple"},"_links":{"self":[{"href":"https:\/\/izoteryk.pl\/index.php?rest_route=\/wp\/v2\/product\/3756","targetHints":{"allow":["GET"]}}],"collection":[{"href":"https:\/\/izoteryk.pl\/index.php?rest_route=\/wp\/v2\/product"}],"about":[{"href":"https:\/\/izoteryk.pl\/index.php?rest_route=\/wp\/v2\/types\/product"}],"replies":[{"embeddable":true,"href":"https:\/\/izoteryk.pl\/index.php?rest_route=%2Fwp%2Fv2%2Fcomments&post=3756"}],"wp:featuredmedia":[{"embeddable":true,"href":"https:\/\/izoteryk.pl\/index.php?rest_route=\/wp\/v2\/media\/3757"}],"wp:attachment":[{"href":"https:\/\/izoteryk.pl\/index.php?rest_route=%2Fwp%2Fv2%2Fmedia&parent=3756"}],"wp:term":[{"taxonomy":"product_brand","embeddable":true,"href":"https:\/\/izoteryk.pl\/index.php?rest_route=%2Fwp%2Fv2%2Fproduct_brand&post=3756"},{"taxonomy":"product_cat","embeddable":true,"href":"https:\/\/izoteryk.pl\/index.php?rest_route=%2Fwp%2Fv2%2Fproduct_cat&post=3756"},{"taxonomy":"product_tag","embeddable":true,"href":"https:\/\/izoteryk.pl\/index.php?rest_route=%2Fwp%2Fv2%2Fproduct_tag&post=3756"}],"curies":[{"name":"wp","href":"https:\/\/api.w.org\/{rel}","templated":true}]}}