{"id":3719,"date":"2023-03-10T09:02:55","date_gmt":"2023-03-10T08:02:55","guid":{"rendered":"https:\/\/izoteryk.pl\/?post_type=product&#038;p=3719"},"modified":"2026-01-28T20:16:40","modified_gmt":"2026-01-28T19:16:40","slug":"swieczka-rytualna-cienka-z-wosku-pszczelego-brazowa-15cm-fi-5mm","status":"publish","type":"product","link":"https:\/\/izoteryk.pl\/?product=swieczka-rytualna-cienka-z-wosku-pszczelego-brazowa-15cm-fi-5mm","title":{"rendered":"\u015awieczka rytualna cienka z wosku pszczelego &#8211; br\u0105zowa 15cm x 5mm"},"content":{"rendered":"<p>Br\u0105zowa \u015bwieczka z wosku pszczelego &#8211; mo\u017cna j\u0105 lekko wygi\u0105\u0107, \u0142atwo te\u017c wraca do poprzedniego kszta\u0142tu.<\/p>\n<p>W bia\u0142ej magii br\u0105zowej \u015bwieczki u\u017cywa si\u0119 do rytua\u0142\u00f3w zwi\u0105zanych z uziemieniem, materi\u0105 i zdrowiem<\/p>\n<p>Kr\u00f3tki czas spalania ok 30 minut umo\u017cliwia przeprowadzenie kr\u00f3tkiego rytua\u0142u &#8211; nie trzeba potem d\u0142ugo czeka\u0107 a\u017c \u015bwieczka wypali si\u0119 do ko\u0144ca<\/p>\n<p>Uwaga! Kolory \u015bwieczek mog\u0105 r\u00f3\u017cni\u0107 si\u0119 od tych, kt\u00f3re wida\u0107 na zdj\u0119ciu ze wzgl\u0119du na r\u00f3\u017cne ustawienia odtwarzaczy a tak\u017ce mo\u017cliwo\u015bci aparatu, kt\u00f3rym zosta\u0142y sfotografowane<\/p>\n<p>Pomimo ma\u0142ych rozmiar\u00f3w \u015bwieczki nie za\u0142apuj\u0105 si\u0119 na tani\u0105 wysy\u0142k\u0119 ma\u0142ogabarytow\u0105 poniewa\u017c potrzebuj\u0105 solidnego opakowania<\/p>\n","protected":false},"excerpt":{"rendered":"<p>SPECYFIKACJA<\/p>\n<ul>\n<li>Rodzaj: rytualna cienka<\/li>\n<li>Kolory: br\u0105zowy<\/li>\n<li>Rozmiar: 15cmx5mm<\/li>\n<li>Czas palenia: ok 30 min.<\/li>\n<\/ul>\n","protected":false},"featured_media":5849,"comment_status":"open","ping_status":"closed","template":"","meta":[],"product_brand":[],"product_cat":[113,94,186,114,137,112,148,91,84,171,185],"product_tag":[187],"class_list":{"0":"post-3719","1":"product","2":"type-product","3":"status-publish","4":"has-post-thumbnail","6":"product_cat-bogactwo","7":"product_cat-brazowy","8":"product_cat-pozbywanie-sie-problemu","9":"product_cat-rownowaga","10":"product_cat-sukces","11":"product_cat-zdrowie","12":"product_cat-akcesoria-magiczne","13":"product_cat-kolor","14":"product_cat-sklep-ezoteryczny","15":"product_cat-swieczki","16":"product_cat-z-wosku-pszczelego","17":"product_tag-swieczka-rytualna","19":"first","20":"instock","21":"shipping-taxable","22":"purchasable","23":"product-type-simple"},"_links":{"self":[{"href":"https:\/\/izoteryk.pl\/index.php?rest_route=\/wp\/v2\/product\/3719","targetHints":{"allow":["GET"]}}],"collection":[{"href":"https:\/\/izoteryk.pl\/index.php?rest_route=\/wp\/v2\/product"}],"about":[{"href":"https:\/\/izoteryk.pl\/index.php?rest_route=\/wp\/v2\/types\/product"}],"replies":[{"embeddable":true,"href":"https:\/\/izoteryk.pl\/index.php?rest_route=%2Fwp%2Fv2%2Fcomments&post=3719"}],"wp:featuredmedia":[{"embeddable":true,"href":"https:\/\/izoteryk.pl\/index.php?rest_route=\/wp\/v2\/media\/5849"}],"wp:attachment":[{"href":"https:\/\/izoteryk.pl\/index.php?rest_route=%2Fwp%2Fv2%2Fmedia&parent=3719"}],"wp:term":[{"taxonomy":"product_brand","embeddable":true,"href":"https:\/\/izoteryk.pl\/index.php?rest_route=%2Fwp%2Fv2%2Fproduct_brand&post=3719"},{"taxonomy":"product_cat","embeddable":true,"href":"https:\/\/izoteryk.pl\/index.php?rest_route=%2Fwp%2Fv2%2Fproduct_cat&post=3719"},{"taxonomy":"product_tag","embeddable":true,"href":"https:\/\/izoteryk.pl\/index.php?rest_route=%2Fwp%2Fv2%2Fproduct_tag&post=3719"}],"curies":[{"name":"wp","href":"https:\/\/api.w.org\/{rel}","templated":true}]}}