{"id":3714,"date":"2023-03-10T09:01:14","date_gmt":"2023-03-10T08:01:14","guid":{"rendered":"https:\/\/izoteryk.pl\/?post_type=product&#038;p=3714"},"modified":"2026-03-16T16:12:08","modified_gmt":"2026-03-16T15:12:08","slug":"swieczka-rytualna-cienka-z-wosku-pszczelego-czarna-15cm-fi-5mm","status":"publish","type":"product","link":"https:\/\/izoteryk.pl\/?product=swieczka-rytualna-cienka-z-wosku-pszczelego-czarna-15cm-fi-5mm","title":{"rendered":"\u015awieca rytualna cienka z wosku pszczelego &#8211; czarna 15cm x 5mm"},"content":{"rendered":"<p>Czarna \u015bwieczka z wosku pszczelego &#8211; mo\u017cna j\u0105 lekko wygi\u0105\u0107, \u0142atwo te\u017c wraca do poprzedniego kszta\u0142tu.<\/p>\n<p>W bia\u0142ej magii czarnej \u015bwieczki mo\u017cna u\u017cy\u0107 podczas nowiu do pozbycia si\u0119 problemu<\/p>\n<p>Kr\u00f3tki czas spalania ok 40 minut umo\u017cliwia przeprowadzenie kr\u00f3tkiego rytua\u0142u &#8211; nie trzeba potem d\u0142ugo czeka\u0107 a\u017c \u015bwieczka wypali si\u0119 do ko\u0144ca<\/p>\n","protected":false},"excerpt":{"rendered":"<p>SPECYFIKACJA<\/p>\n<ul>\n<li>Rodzaj: rytualna cienka<\/li>\n<li>Kolory: czarny<\/li>\n<li>Rozmiar: 15cmx5mm<\/li>\n<li>Czas palenia: ok 40 min.<\/li>\n<\/ul>\n","protected":false},"featured_media":5850,"comment_status":"open","ping_status":"closed","template":"","meta":[],"product_brand":[],"product_cat":[92,186,148,91,84,171,185],"product_tag":[187],"class_list":{"0":"post-3714","1":"product","2":"type-product","3":"status-publish","4":"has-post-thumbnail","6":"product_cat-czarny-kolor","7":"product_cat-pozbywanie-sie-problemu","8":"product_cat-akcesoria-magiczne","9":"product_cat-kolor","10":"product_cat-sklep-ezoteryczny","11":"product_cat-swieczki","12":"product_cat-z-wosku-pszczelego","13":"product_tag-swieczka-rytualna","15":"first","16":"instock","17":"shipping-taxable","18":"purchasable","19":"product-type-simple"},"_links":{"self":[{"href":"https:\/\/izoteryk.pl\/index.php?rest_route=\/wp\/v2\/product\/3714","targetHints":{"allow":["GET"]}}],"collection":[{"href":"https:\/\/izoteryk.pl\/index.php?rest_route=\/wp\/v2\/product"}],"about":[{"href":"https:\/\/izoteryk.pl\/index.php?rest_route=\/wp\/v2\/types\/product"}],"replies":[{"embeddable":true,"href":"https:\/\/izoteryk.pl\/index.php?rest_route=%2Fwp%2Fv2%2Fcomments&post=3714"}],"wp:featuredmedia":[{"embeddable":true,"href":"https:\/\/izoteryk.pl\/index.php?rest_route=\/wp\/v2\/media\/5850"}],"wp:attachment":[{"href":"https:\/\/izoteryk.pl\/index.php?rest_route=%2Fwp%2Fv2%2Fmedia&parent=3714"}],"wp:term":[{"taxonomy":"product_brand","embeddable":true,"href":"https:\/\/izoteryk.pl\/index.php?rest_route=%2Fwp%2Fv2%2Fproduct_brand&post=3714"},{"taxonomy":"product_cat","embeddable":true,"href":"https:\/\/izoteryk.pl\/index.php?rest_route=%2Fwp%2Fv2%2Fproduct_cat&post=3714"},{"taxonomy":"product_tag","embeddable":true,"href":"https:\/\/izoteryk.pl\/index.php?rest_route=%2Fwp%2Fv2%2Fproduct_tag&post=3714"}],"curies":[{"name":"wp","href":"https:\/\/api.w.org\/{rel}","templated":true}]}}