{"id":3666,"date":"2023-02-17T18:16:30","date_gmt":"2023-02-17T17:16:30","guid":{"rendered":"https:\/\/izoteryk.pl\/?post_type=product&#038;p=3666"},"modified":"2026-01-28T20:22:15","modified_gmt":"2026-01-28T19:22:15","slug":"kominek-na-kadzidelka-stozkowe-reka-w-lotosie","status":"publish","type":"product","link":"https:\/\/izoteryk.pl\/?product=kominek-na-kadzidelka-stozkowe-reka-w-lotosie","title":{"rendered":"Backflow &#8211; metalowy kominek na kadzide\u0142ka sto\u017ckowe &#8211; ptaszek na ga\u0142\u0119zi &#8211; efekt wodospadu"},"content":{"rendered":"<p>Pi\u0119kny kominek w kszta\u0142cie stawu z wystaj\u0105cym z niego konarem na kt\u00f3rym siedzi ptaszek &#8211; dym z kadzide\u0142ka sto\u017ckowego pi\u0119knie sp\u0142ywa z g\u00f3ry i gromadzi si\u0119 w podstawce imituj\u0105cej staw z kt\u00f3rego wyskakuje \u017cabka.<\/p>\n<p>Aby uzyska\u0107 taki efekt potrzebne jest specjalne kadzide\u0142ko sto\u017ckowe z przep\u0142ywem zwrotnym.<\/p>\n<p>Uwaga! Kominek ten sk\u0142ada si\u0119 z dw\u00f3ch nie po\u0142\u0105czonych ze sob\u0105 cz\u0119\u015bci. Ga\u0142\u0105\u017a jest stabilna i mo\u017cna j\u0105 ustawi\u0107 w stawiku tak jak si\u0119 chce.<\/p>\n<p>&nbsp;<\/p>\n","protected":false},"excerpt":{"rendered":"<p>SPECYFIKACJA:<\/p>\n<ul>\n<li>Materia\u0142: metal<\/li>\n<li>Wymiary: wys: ok. 5,5cm, szeroko\u015b\u0107 stawu: ok. 9 cm<\/li>\n<li>Kolor: czarny<\/li>\n<\/ul>\n","protected":false},"featured_media":4654,"comment_status":"open","ping_status":"closed","template":"","meta":[],"product_brand":[],"product_cat":[92,148,273,169,155,170,84,108],"product_tag":[419,425],"class_list":{"0":"post-3666","1":"product","2":"type-product","3":"status-publish","4":"has-post-thumbnail","6":"product_cat-czarny-kolor","7":"product_cat-akcesoria-magiczne","8":"product_cat-kominki-i-podstawki","9":"product_cat-lotos","10":"product_cat-podstawki-do-kadzidelek","11":"product_cat-reka","12":"product_cat-sklep-ezoteryczny","13":"product_cat-symbole","14":"product_tag-backflow","15":"product_tag-sklep-z-kadzidelkami","17":"first","18":"instock","19":"featured","20":"shipping-taxable","21":"purchasable","22":"product-type-simple"},"_links":{"self":[{"href":"https:\/\/izoteryk.pl\/index.php?rest_route=\/wp\/v2\/product\/3666","targetHints":{"allow":["GET"]}}],"collection":[{"href":"https:\/\/izoteryk.pl\/index.php?rest_route=\/wp\/v2\/product"}],"about":[{"href":"https:\/\/izoteryk.pl\/index.php?rest_route=\/wp\/v2\/types\/product"}],"replies":[{"embeddable":true,"href":"https:\/\/izoteryk.pl\/index.php?rest_route=%2Fwp%2Fv2%2Fcomments&post=3666"}],"wp:featuredmedia":[{"embeddable":true,"href":"https:\/\/izoteryk.pl\/index.php?rest_route=\/wp\/v2\/media\/4654"}],"wp:attachment":[{"href":"https:\/\/izoteryk.pl\/index.php?rest_route=%2Fwp%2Fv2%2Fmedia&parent=3666"}],"wp:term":[{"taxonomy":"product_brand","embeddable":true,"href":"https:\/\/izoteryk.pl\/index.php?rest_route=%2Fwp%2Fv2%2Fproduct_brand&post=3666"},{"taxonomy":"product_cat","embeddable":true,"href":"https:\/\/izoteryk.pl\/index.php?rest_route=%2Fwp%2Fv2%2Fproduct_cat&post=3666"},{"taxonomy":"product_tag","embeddable":true,"href":"https:\/\/izoteryk.pl\/index.php?rest_route=%2Fwp%2Fv2%2Fproduct_tag&post=3666"}],"curies":[{"name":"wp","href":"https:\/\/api.w.org\/{rel}","templated":true}]}}