{"id":3635,"date":"2023-02-13T12:40:02","date_gmt":"2023-02-13T11:40:02","guid":{"rendered":"https:\/\/izoteryk.pl\/?post_type=product&#038;p=3635"},"modified":"2026-01-28T20:22:15","modified_gmt":"2026-01-28T19:22:15","slug":"bransoletka-z-kamienia-nefryt-bursztynowy-na-sznurku-regulowana-kulki-8mm","status":"publish","type":"product","link":"https:\/\/izoteryk.pl\/?product=bransoletka-z-kamienia-nefryt-bursztynowy-na-sznurku-regulowana-kulki-8mm","title":{"rendered":"Bransoletka z kamienia &#8211; nefryt bursztynowy &#8211; na sznurku- regulowana &#8211; kulki 8mm"},"content":{"rendered":"<p>Bransoletka z kamienia \u2013 nefryt bursztynowy i 5 fioletowych marmurk\u00f3w \u2013 kulki 8mm \u2013 na sznurku nylonowym ze \u015bci\u0105gaczem.<\/p>\n<p>Nefryt od wiek\u00f3w uznawany jest za kamie\u0144 maj\u0105cy w\u0142a\u015bciwo\u015bci lecznicze &#8211; nosz\u0105c go przy ciele mo\u017cna wspomaga\u0107 si\u0119 jego cudownym dzia\u0142aniem &#8211; w przypadku chor\u00f3b i dolegliwo\u015bci nie mo\u017ce on jednak zast\u0119powa\u0107 w\u0142a\u015bciwej terapii.<\/p>\n<p>\u017b\u00f3\u0142ty odcie\u0144 kamienia mo\u017ce pozytywnie wp\u0142ywa\u0107 na my\u015bli i nauk\u0119 a tak\u017ce dawa\u0107 rado\u015b\u0107 i si\u0142\u0119 przebicia.<\/p>\n","protected":false},"excerpt":{"rendered":"<p>SPECYFIKACJA:<\/p>\n<ul>\n<li>Stan: nowe<\/li>\n<li>Wielko\u015b\u0107 kulek 8mm<\/li>\n<li>Kamie\u0144 g\u0142\u00f3wny: Nefryt bursztynowy<\/li>\n<li>Kamie\u0144 dodatkowy: marmurek<\/li>\n<li>Rodzaj sznurka: nylonowy<\/li>\n<li>Kolor sznurka: musztardowy<\/li>\n<li>Kolor kamienia: be\u017cowo-\u017c\u00f3\u0142ty<\/li>\n<li>Kolor marmurka: fioletowy<\/li>\n<\/ul>\n","protected":false},"featured_media":5497,"comment_status":"open","ping_status":"closed","template":"","meta":[],"product_brand":[],"product_cat":[98,139,247,189,137,112,93,34,86,82,87,317,104,84,83],"product_tag":[],"class_list":{"0":"post-3635","1":"product","2":"type-product","3":"status-publish","4":"has-post-thumbnail","6":"product_cat-bezowy","7":"product_cat-fioletowy","8":"product_cat-madrosc","9":"product_cat-sila-przebicia","10":"product_cat-sukces","11":"product_cat-zdrowie","12":"product_cat-zolty","13":"product_cat-amulety-i-talizmany","14":"product_cat-bizuteria","15":"product_cat-bransoletki","16":"product_cat-kamien","17":"product_cat-marmurek","18":"product_cat-nefryt-bursztynowy","19":"product_cat-sklep-ezoteryczny","20":"product_cat-z-kamienia-amulety-i-talizmany","22":"first","23":"instock","24":"shipping-taxable","25":"purchasable","26":"product-type-simple"},"_links":{"self":[{"href":"https:\/\/izoteryk.pl\/index.php?rest_route=\/wp\/v2\/product\/3635","targetHints":{"allow":["GET"]}}],"collection":[{"href":"https:\/\/izoteryk.pl\/index.php?rest_route=\/wp\/v2\/product"}],"about":[{"href":"https:\/\/izoteryk.pl\/index.php?rest_route=\/wp\/v2\/types\/product"}],"replies":[{"embeddable":true,"href":"https:\/\/izoteryk.pl\/index.php?rest_route=%2Fwp%2Fv2%2Fcomments&post=3635"}],"wp:featuredmedia":[{"embeddable":true,"href":"https:\/\/izoteryk.pl\/index.php?rest_route=\/wp\/v2\/media\/5497"}],"wp:attachment":[{"href":"https:\/\/izoteryk.pl\/index.php?rest_route=%2Fwp%2Fv2%2Fmedia&parent=3635"}],"wp:term":[{"taxonomy":"product_brand","embeddable":true,"href":"https:\/\/izoteryk.pl\/index.php?rest_route=%2Fwp%2Fv2%2Fproduct_brand&post=3635"},{"taxonomy":"product_cat","embeddable":true,"href":"https:\/\/izoteryk.pl\/index.php?rest_route=%2Fwp%2Fv2%2Fproduct_cat&post=3635"},{"taxonomy":"product_tag","embeddable":true,"href":"https:\/\/izoteryk.pl\/index.php?rest_route=%2Fwp%2Fv2%2Fproduct_tag&post=3635"}],"curies":[{"name":"wp","href":"https:\/\/api.w.org\/{rel}","templated":true}]}}