{"id":3420,"date":"2023-01-11T03:23:32","date_gmt":"2023-01-11T02:23:32","guid":{"rendered":"https:\/\/izoteryk.pl\/?post_type=product&#038;p=3420"},"modified":"2026-01-28T20:27:50","modified_gmt":"2026-01-28T19:27:50","slug":"krawat-w-trupie-czaszki-piazza-italia-szary-szer-5cm-halloween","status":"publish","type":"product","link":"https:\/\/izoteryk.pl\/?product=krawat-w-trupie-czaszki-piazza-italia-szary-szer-5cm-halloween","title":{"rendered":"Krawat w trupie czaszki &#8211; Piazza Italia &#8211; szary &#8211; szer. 5cm &#8211; Halloween"},"content":{"rendered":"<p>Szary krawat w malutkie, ledwo widoczne trupie czaszki, bardzo \u0142adny, stylowy &#8211; nadaje si\u0119 na Halloween lub inne \u015bwi\u0119to, albo do chodzenia na co dzie\u0144 je\u015bli kto\u015b lubi.<\/p>\n<p>Czaszka jako symbol pomaga zestroi\u0107 si\u0119 ze \u015bwiatem umar\u0142ych<\/p>\n<p>Uwaga! Produkt bez metki<\/p>\n","protected":false},"excerpt":{"rendered":"<p>SPECYFIKACJA:<\/p>\n<ul>\n<li>Stan: nowy<\/li>\n<li>Marka: Piazza Italia<\/li>\n<li>Szeroko\u015b\u0107: 5cm<\/li>\n<li>Kolor: szary<\/li>\n<\/ul>\n","protected":false},"featured_media":5869,"comment_status":"open","ping_status":"closed","template":"","meta":[],"product_brand":[],"product_cat":[154,151,153,84,152,150],"product_tag":[],"class_list":{"0":"post-3420","1":"product","2":"type-product","3":"status-publish","4":"has-post-thumbnail","6":"product_cat-czaszka","7":"product_cat-dodatki-do-ubran","8":"product_cat-halloween","9":"product_cat-sklep-ezoteryczny","10":"product_cat-swieta","11":"product_cat-witchcraft-style","13":"first","14":"instock","15":"shipping-taxable","16":"purchasable","17":"product-type-simple"},"_links":{"self":[{"href":"https:\/\/izoteryk.pl\/index.php?rest_route=\/wp\/v2\/product\/3420","targetHints":{"allow":["GET"]}}],"collection":[{"href":"https:\/\/izoteryk.pl\/index.php?rest_route=\/wp\/v2\/product"}],"about":[{"href":"https:\/\/izoteryk.pl\/index.php?rest_route=\/wp\/v2\/types\/product"}],"replies":[{"embeddable":true,"href":"https:\/\/izoteryk.pl\/index.php?rest_route=%2Fwp%2Fv2%2Fcomments&post=3420"}],"wp:featuredmedia":[{"embeddable":true,"href":"https:\/\/izoteryk.pl\/index.php?rest_route=\/wp\/v2\/media\/5869"}],"wp:attachment":[{"href":"https:\/\/izoteryk.pl\/index.php?rest_route=%2Fwp%2Fv2%2Fmedia&parent=3420"}],"wp:term":[{"taxonomy":"product_brand","embeddable":true,"href":"https:\/\/izoteryk.pl\/index.php?rest_route=%2Fwp%2Fv2%2Fproduct_brand&post=3420"},{"taxonomy":"product_cat","embeddable":true,"href":"https:\/\/izoteryk.pl\/index.php?rest_route=%2Fwp%2Fv2%2Fproduct_cat&post=3420"},{"taxonomy":"product_tag","embeddable":true,"href":"https:\/\/izoteryk.pl\/index.php?rest_route=%2Fwp%2Fv2%2Fproduct_tag&post=3420"}],"curies":[{"name":"wp","href":"https:\/\/api.w.org\/{rel}","templated":true}]}}