{"id":3411,"date":"2023-01-11T00:41:26","date_gmt":"2023-01-10T23:41:26","guid":{"rendered":"https:\/\/izoteryk.pl\/?post_type=product&#038;p=3411"},"modified":"2026-01-28T20:32:49","modified_gmt":"2026-01-28T19:32:49","slug":"szkatulka-na-karty-tarota-16x12x8cm","status":"publish","type":"product","link":"https:\/\/izoteryk.pl\/?product=szkatulka-na-karty-tarota-16x12x8cm","title":{"rendered":"Szkatu\u0142ka na karty tarota 16x12x8cm"},"content":{"rendered":"<p>Szkatu\u0142ka jest zrobiona ze sklejki &#8211; z surowego drewna sosnowego &#8211; klejona &#8211; z wierzchu wypalony pi\u0119kny wz\u00f3r &#8211; mo\u017ce pomie\u015bci\u0107 trzy talie kart tarota lub siedem talii kart klasycznych.<\/p>\n<p>Oferta dotyczy samego kuferka &#8211; bez kart.<\/p>\n","protected":false},"excerpt":{"rendered":"<p>SPECYFIKACJA:<\/p>\n<ul>\n<li>Materia\u0142: surowe drewno sosnowe &#8211; sklejka<\/li>\n<li>Wymiary: 16x12x8cm<\/li>\n<li>Powierzchnia wewn\u0119trzna:\u00a0 14,5&#215;10,5&#215;7,2cm<\/li>\n<\/ul>\n<p>&nbsp;<\/p>\n","protected":false},"featured_media":3590,"comment_status":"open","ping_status":"closed","template":"","meta":[],"product_brand":[],"product_cat":[148,149,84],"product_tag":[],"class_list":{"0":"post-3411","1":"product","2":"type-product","3":"status-publish","4":"has-post-thumbnail","6":"product_cat-akcesoria-magiczne","7":"product_cat-kuferki","8":"product_cat-sklep-ezoteryczny","9":"product_shipping_class-rozmiar-xl","11":"first","12":"instock","13":"shipping-taxable","14":"purchasable","15":"product-type-simple"},"_links":{"self":[{"href":"https:\/\/izoteryk.pl\/index.php?rest_route=\/wp\/v2\/product\/3411","targetHints":{"allow":["GET"]}}],"collection":[{"href":"https:\/\/izoteryk.pl\/index.php?rest_route=\/wp\/v2\/product"}],"about":[{"href":"https:\/\/izoteryk.pl\/index.php?rest_route=\/wp\/v2\/types\/product"}],"replies":[{"embeddable":true,"href":"https:\/\/izoteryk.pl\/index.php?rest_route=%2Fwp%2Fv2%2Fcomments&post=3411"}],"wp:featuredmedia":[{"embeddable":true,"href":"https:\/\/izoteryk.pl\/index.php?rest_route=\/wp\/v2\/media\/3590"}],"wp:attachment":[{"href":"https:\/\/izoteryk.pl\/index.php?rest_route=%2Fwp%2Fv2%2Fmedia&parent=3411"}],"wp:term":[{"taxonomy":"product_brand","embeddable":true,"href":"https:\/\/izoteryk.pl\/index.php?rest_route=%2Fwp%2Fv2%2Fproduct_brand&post=3411"},{"taxonomy":"product_cat","embeddable":true,"href":"https:\/\/izoteryk.pl\/index.php?rest_route=%2Fwp%2Fv2%2Fproduct_cat&post=3411"},{"taxonomy":"product_tag","embeddable":true,"href":"https:\/\/izoteryk.pl\/index.php?rest_route=%2Fwp%2Fv2%2Fproduct_tag&post=3411"}],"curies":[{"name":"wp","href":"https:\/\/api.w.org\/{rel}","templated":true}]}}