{"id":3285,"date":"2022-12-29T22:01:11","date_gmt":"2022-12-29T21:01:11","guid":{"rendered":"https:\/\/izoteryk.pl\/?post_type=product&#038;p=3285"},"modified":"2026-01-28T20:27:50","modified_gmt":"2026-01-28T19:27:50","slug":"serce-koloru-starego-zlota-wisiorek-wym-20x20mm","status":"publish","type":"product","link":"https:\/\/izoteryk.pl\/?product=serce-koloru-starego-zlota-wisiorek-wym-20x20mm","title":{"rendered":"Serce koloru starego z\u0142ota &#8211; wisiorek &#8211; wym. 20x20mm"},"content":{"rendered":"<p>Wisiorek koloru starego z\u0142ota zawieszony na czarnym sznurku nylonowym z zapi\u0119ciem na karabi\u0144czyk.<\/p>\n<p>Serce jest symbolem mi\u0142o\u015bci &#8211; przyci\u0105ga i umacnia mi\u0142o\u015b\u0107<\/p>\n","protected":false},"excerpt":{"rendered":"<p>SPECYFIKACJA:<\/p>\n<ul>\n<li>Stan: nowe<\/li>\n<li>Materia\u0142: Stop metali<\/li>\n<li>Kolor: Stare z\u0142oto<\/li>\n<li>Wymiary: 25x20mm<\/li>\n<li>D\u0142ugo\u015b\u0107 sznurka: 50cm<\/li>\n<\/ul>\n","protected":false},"featured_media":3921,"comment_status":"open","ping_status":"closed","template":"","meta":[],"product_brand":[],"product_cat":[85,105,34,132,108,38,42],"product_tag":[],"class_list":{"0":"post-3285","1":"product","2":"type-product","3":"status-publish","4":"has-post-thumbnail","6":"product_cat-milosc","7":"product_cat-zloty","8":"product_cat-amulety-i-talizmany","9":"product_cat-serce","10":"product_cat-symbole","11":"product_cat-wisiorki","12":"product_cat-z-metalu","14":"first","15":"instock","16":"shipping-taxable","17":"purchasable","18":"product-type-simple"},"_links":{"self":[{"href":"https:\/\/izoteryk.pl\/index.php?rest_route=\/wp\/v2\/product\/3285","targetHints":{"allow":["GET"]}}],"collection":[{"href":"https:\/\/izoteryk.pl\/index.php?rest_route=\/wp\/v2\/product"}],"about":[{"href":"https:\/\/izoteryk.pl\/index.php?rest_route=\/wp\/v2\/types\/product"}],"replies":[{"embeddable":true,"href":"https:\/\/izoteryk.pl\/index.php?rest_route=%2Fwp%2Fv2%2Fcomments&post=3285"}],"wp:featuredmedia":[{"embeddable":true,"href":"https:\/\/izoteryk.pl\/index.php?rest_route=\/wp\/v2\/media\/3921"}],"wp:attachment":[{"href":"https:\/\/izoteryk.pl\/index.php?rest_route=%2Fwp%2Fv2%2Fmedia&parent=3285"}],"wp:term":[{"taxonomy":"product_brand","embeddable":true,"href":"https:\/\/izoteryk.pl\/index.php?rest_route=%2Fwp%2Fv2%2Fproduct_brand&post=3285"},{"taxonomy":"product_cat","embeddable":true,"href":"https:\/\/izoteryk.pl\/index.php?rest_route=%2Fwp%2Fv2%2Fproduct_cat&post=3285"},{"taxonomy":"product_tag","embeddable":true,"href":"https:\/\/izoteryk.pl\/index.php?rest_route=%2Fwp%2Fv2%2Fproduct_tag&post=3285"}],"curies":[{"name":"wp","href":"https:\/\/api.w.org\/{rel}","templated":true}]}}