{"id":857,"date":"2020-10-27T18:31:13","date_gmt":"2020-10-27T15:31:13","guid":{"rendered":"http:\/\/www.grafas.org\/demo02\/?page_id=857"},"modified":"2023-12-08T18:39:45","modified_gmt":"2023-12-08T17:39:45","slug":"contact","status":"publish","type":"page","link":"https:\/\/izoteryk.pl\/?page_id=857","title":{"rendered":"Contact"},"content":{"rendered":"<style>\/*! elementor - v3.18.0 - 08-12-2023 *\/\n.elementor-heading-title{padding:0;margin:0;line-height:1}.elementor-widget-heading .elementor-heading-title[class*=elementor-size-]>a{color:inherit;font-size:inherit;line-height:inherit}.elementor-widget-heading .elementor-heading-title.elementor-size-small{font-size:15px}.elementor-widget-heading .elementor-heading-title.elementor-size-medium{font-size:19px}.elementor-widget-heading .elementor-heading-title.elementor-size-large{font-size:29px}.elementor-widget-heading .elementor-heading-title.elementor-size-xl{font-size:39px}.elementor-widget-heading .elementor-heading-title.elementor-size-xxl{font-size:59px}<\/style>\n<h2>Zapraszam do kontaktu <\/h2>\n<h3>Uwaga! Nie posiadamy sklepu stacjonarnego!<\/h3>\n<p>Mo\u017cliwo\u015b\u0107 odbioru osobistego zam\u00f3wionego towaru tylko i wy\u0142\u0105cznie po um\u00f3wieniu si\u0119 na konkretn\u0105 godzin\u0119\u00a0<\/p>\n<h3>Izabela Siwczak<\/h3>\n<h3>tel: 796 099 040<\/h3>\n<p>Ze wzgl\u0119du na to, \u017ce nie zawsze mog\u0119 odebra\u0107 telefon preferowany kontakt przez e-mail: (ewentualnie prosz\u0119 dzwoni\u0107 do oporu)<\/p>\n<h4>WR\u00d3\u017bKA IZA:<\/p>\n<p>tarot@izoteryk.pl <\/p>\n<p>SKLEP: <\/p>\n<p>sklep@izoteryk.pl<\/h4>\n<style>\/*! elementor - v3.18.0 - 08-12-2023 *\/\n.elementor-widget-divider{--divider-border-style:none;--divider-border-width:1px;--divider-color:#0c0d0e;--divider-icon-size:20px;--divider-element-spacing:10px;--divider-pattern-height:24px;--divider-pattern-size:20px;--divider-pattern-url:none;--divider-pattern-repeat:repeat-x}.elementor-widget-divider .elementor-divider{display:flex}.elementor-widget-divider .elementor-divider__text{font-size:15px;line-height:1;max-width:95%}.elementor-widget-divider .elementor-divider__element{margin:0 var(--divider-element-spacing);flex-shrink:0}.elementor-widget-divider .elementor-icon{font-size:var(--divider-icon-size)}.elementor-widget-divider .elementor-divider-separator{display:flex;margin:0;direction:ltr}.elementor-widget-divider--view-line_icon .elementor-divider-separator,.elementor-widget-divider--view-line_text .elementor-divider-separator{align-items:center}.elementor-widget-divider--view-line_icon .elementor-divider-separator:after,.elementor-widget-divider--view-line_icon .elementor-divider-separator:before,.elementor-widget-divider--view-line_text .elementor-divider-separator:after,.elementor-widget-divider--view-line_text .elementor-divider-separator:before{display:block;content:\"\";border-bottom:0;flex-grow:1;border-top:var(--divider-border-width) var(--divider-border-style) var(--divider-color)}.elementor-widget-divider--element-align-left .elementor-divider .elementor-divider-separator>.elementor-divider__svg:first-of-type{flex-grow:0;flex-shrink:100}.elementor-widget-divider--element-align-left .elementor-divider-separator:before{content:none}.elementor-widget-divider--element-align-left .elementor-divider__element{margin-left:0}.elementor-widget-divider--element-align-right .elementor-divider .elementor-divider-separator>.elementor-divider__svg:last-of-type{flex-grow:0;flex-shrink:100}.elementor-widget-divider--element-align-right .elementor-divider-separator:after{content:none}.elementor-widget-divider--element-align-right .elementor-divider__element{margin-right:0}.elementor-widget-divider:not(.elementor-widget-divider--view-line_text):not(.elementor-widget-divider--view-line_icon) .elementor-divider-separator{border-top:var(--divider-border-width) var(--divider-border-style) var(--divider-color)}.elementor-widget-divider--separator-type-pattern{--divider-border-style:none}.elementor-widget-divider--separator-type-pattern.elementor-widget-divider--view-line .elementor-divider-separator,.elementor-widget-divider--separator-type-pattern:not(.elementor-widget-divider--view-line) .elementor-divider-separator:after,.elementor-widget-divider--separator-type-pattern:not(.elementor-widget-divider--view-line) .elementor-divider-separator:before,.elementor-widget-divider--separator-type-pattern:not([class*=elementor-widget-divider--view]) .elementor-divider-separator{width:100%;min-height:var(--divider-pattern-height);-webkit-mask-size:var(--divider-pattern-size) 100%;mask-size:var(--divider-pattern-size) 100%;-webkit-mask-repeat:var(--divider-pattern-repeat);mask-repeat:var(--divider-pattern-repeat);background-color:var(--divider-color);-webkit-mask-image:var(--divider-pattern-url);mask-image:var(--divider-pattern-url)}.elementor-widget-divider--no-spacing{--divider-pattern-size:auto}.elementor-widget-divider--bg-round{--divider-pattern-repeat:round}.rtl .elementor-widget-divider .elementor-divider__text{direction:rtl}.e-con-inner>.elementor-widget-divider,.e-con>.elementor-widget-divider{width:var(--container-widget-width,100%);--flex-grow:var(--container-widget-flex-grow)}<\/style>\n<h4>Lokalizacja:<\/h4>\n<p><b>Polska<\/b><\/p>\n<p><b><br \/><\/b>ul. Malborska 4\/25<br \/>03-286 Warszawa<\/p>\n<p>\u00a0<\/p>\n<p>tel.: 796 099 040<\/p>\n<p>e-mail wr\u00f3\u017cki: tarot@izoteryk.pl<\/p>\n<p>e-mail sklepu: sklep@izoteryk.pl<\/p>\n<style>\/*! elementor - v3.18.0 - 08-12-2023 *\/\n.elementor-widget-google_maps .elementor-widget-container{overflow:hidden}.elementor-widget-google_maps .elementor-custom-embed{line-height:0}.elementor-widget-google_maps iframe{height:300px}<\/style>\n<p>\t\t\t<iframe loading=\"lazy\"\n\t\t\t\t\tsrc=\"https:\/\/maps.google.com\/maps?q=Wr%C3%B3%C5%BCka%20Iza%20Warszawa%20%20ul.%20Malbrska%204%2F25&#038;t=m&#038;z=12&#038;output=embed&#038;iwloc=near\"\n\t\t\t\t\ttitle=\"Wr\u00f3\u017cka Iza Warszawa  ul. Malbrska 4\/25\"\n\t\t\t\t\taria-label=\"Wr\u00f3\u017cka Iza Warszawa  ul. Malbrska 4\/25\"\n\t\t\t><\/iframe><\/p>\n<h3>Warszawa &#8211; Targ\u00f3wek &#8211; Blisko metra Kondratowicza<\/h3>\n<p>Zapraszam na profesjonalne sesje<\/p>\n<p>Wr\u00f3\u017cka Iza<\/p>\n<style>\/*! elementor - v3.18.0 - 08-12-2023 *\/\n.elementor-widget-image-carousel .swiper,.elementor-widget-image-carousel .swiper-container{position:static}.elementor-widget-image-carousel .swiper-container .swiper-slide figure,.elementor-widget-image-carousel .swiper .swiper-slide figure{line-height:inherit}.elementor-widget-image-carousel .swiper-slide{text-align:center}.elementor-image-carousel-wrapper:not(.swiper-container-initialized):not(.swiper-initialized) .swiper-slide{max-width:calc(100% \/ var(--e-image-carousel-slides-to-show, 3))}<\/style>\n<figure><img decoding=\"async\" src=\"https:\/\/izoteryk.pl\/wp-content\/uploads\/2022\/11\/logo-1-17112022.jpg\" alt=\"Wr\u00f3\u017cka Iza\" \/><\/figure>\n<figure><img decoding=\"async\" src=\"https:\/\/izoteryk.pl\/wp-content\/uploads\/2022\/11\/cropped-Wrozka-Markiza-Moon.jpg\" alt=\"cropped-Wrozka-Markiza-Moon.jpg\" \/><\/figure>\n<figure><img decoding=\"async\" src=\"https:\/\/izoteryk.pl\/wp-content\/uploads\/2022\/12\/anioly-300x300-vhgv.jpg\" alt=\"anioly 300x300 vhgv\" \/><\/figure>\n<figure><img decoding=\"async\" src=\"https:\/\/izoteryk.pl\/wp-content\/uploads\/2022\/11\/markizamoonprofokhvg.jpg\" alt=\"markizamoonprofokhvg\" \/><\/figure>\n<figure><img decoding=\"async\" src=\"https:\/\/izoteryk.pl\/wp-content\/uploads\/2022\/12\/cropped-kula-250x250-gcbg.jpg\" alt=\"cropped-kula-250x250-gcbg.jpg\" \/><\/figure>\n<figure><img decoding=\"async\" src=\"https:\/\/izoteryk.pl\/wp-content\/uploads\/2022\/11\/wrozka-tarot-runy-warszawa-prof-011021-1.jpg\" alt=\"wrozka tarot runy warszawa prof 011021\" \/><\/figure>\n","protected":false},"excerpt":{"rendered":"<p>Zapraszam do kontaktu Uwaga! Nie posiadamy sklepu stacjonarnego! Mo\u017cliwo\u015b\u0107 odbioru osobistego zam\u00f3wionego towaru tylko i wy\u0142\u0105cznie po um\u00f3wieniu si\u0119 na konkretn\u0105 godzin\u0119\u00a0 Izabela Siwczak tel: 796 099 040 Ze wzgl\u0119du na to, \u017ce nie zawsze mog\u0119 odebra\u0107 telefon preferowany kontakt przez e-mail: (ewentualnie prosz\u0119 dzwoni\u0107 do oporu) WR\u00d3\u017bKA IZA: tarot@izoteryk.pl SKLEP: sklep@izoteryk.pl Lokalizacja: Polska ul. [&hellip;]<\/p>\n","protected":false},"author":1,"featured_media":0,"parent":0,"menu_order":0,"comment_status":"closed","ping_status":"closed","template":"","meta":{"footnotes":""},"class_list":["post-857","page","type-page","status-publish","hentry"],"_links":{"self":[{"href":"https:\/\/izoteryk.pl\/index.php?rest_route=\/wp\/v2\/pages\/857","targetHints":{"allow":["GET"]}}],"collection":[{"href":"https:\/\/izoteryk.pl\/index.php?rest_route=\/wp\/v2\/pages"}],"about":[{"href":"https:\/\/izoteryk.pl\/index.php?rest_route=\/wp\/v2\/types\/page"}],"author":[{"embeddable":true,"href":"https:\/\/izoteryk.pl\/index.php?rest_route=\/wp\/v2\/users\/1"}],"replies":[{"embeddable":true,"href":"https:\/\/izoteryk.pl\/index.php?rest_route=%2Fwp%2Fv2%2Fcomments&post=857"}],"version-history":[{"count":79,"href":"https:\/\/izoteryk.pl\/index.php?rest_route=\/wp\/v2\/pages\/857\/revisions"}],"predecessor-version":[{"id":4745,"href":"https:\/\/izoteryk.pl\/index.php?rest_route=\/wp\/v2\/pages\/857\/revisions\/4745"}],"wp:attachment":[{"href":"https:\/\/izoteryk.pl\/index.php?rest_route=%2Fwp%2Fv2%2Fmedia&parent=857"}],"curies":[{"name":"wp","href":"https:\/\/api.w.org\/{rel}","templated":true}]}}