{"id":4923,"date":"2024-02-08T12:48:45","date_gmt":"2024-02-08T11:48:45","guid":{"rendered":"https:\/\/izoteryk.pl\/?page_id=4923"},"modified":"2025-12-18T14:33:05","modified_gmt":"2025-12-18T13:33:05","slug":"kontakt","status":"publish","type":"page","link":"https:\/\/izoteryk.pl\/?page_id=4923","title":{"rendered":"Kontakt"},"content":{"rendered":"\n<p><strong>Wysy\u0142kowy Sklep Ezoteryczny izoteryk.pl<\/strong><\/p>\n\n\n\n<p>Izabela Siwczak <\/p>\n\n\n\n<p><\/p>\n\n\n\n<p><strong>Adres siedziby:<\/strong><\/p>\n\n\n\n<p>ul. Malborska 4\/25<\/p>\n\n\n\n<p>03-286 Warszawa<\/p>\n\n\n\n<div style=\"height:33px\" aria-hidden=\"true\" class=\"wp-block-spacer\"><\/div>\n\n\n\n<p><strong>Korespondencja e-mail: <\/strong>sklep@izoteryk.pl<\/p>\n\n\n\n<div style=\"height:13px\" aria-hidden=\"true\" class=\"wp-block-spacer\"><\/div>\n\n\n\n<p><strong>Kontakt telefoniczny:<\/strong> <\/p>\n\n\n\n<div style=\"height:20px\" aria-hidden=\"true\" class=\"wp-block-spacer\"><\/div>\n\n\n\n<h2 class=\"wp-block-heading\">Uwaga! Od 19 do 26 grudnia nieczynne &#8211; zapraszamy po \u015bwi\u0119tach<\/h2>\n\n\n\n<p><strong>Godziny urz\u0119dowania:<\/strong> Pon. &#8211; Pt. 11:00 &#8211; 19:00, Sobota 11:00 &#8211; 16:00, Niedziela nieczynne<\/p>\n\n\n\n<div style=\"height:28px\" aria-hidden=\"true\" class=\"wp-block-spacer\"><\/div>\n\n\n\n<p><strong>Lokalizacja: <\/strong><\/p>\n\n\n\n<p>Warszawa &#8211; Targ\u00f3wek (Br\u00f3dno) &#8211; blisko metra &#8211; wysiadka na stacji Kondratowicza<\/p>\n","protected":false},"excerpt":{"rendered":"<p>Wysy\u0142kowy Sklep Ezoteryczny izoteryk.pl Izabela Siwczak Adres siedziby: ul. Malborska 4\/25 03-286 Warszawa Korespondencja e-mail: sklep@izoteryk.pl Kontakt telefoniczny: Uwaga! Od 19 do 26 grudnia nieczynne &#8211; zapraszamy po \u015bwi\u0119tach Godziny urz\u0119dowania: Pon. &#8211; Pt. 11:00 &#8211; 19:00, Sobota 11:00 &#8211; 16:00, Niedziela nieczynne Lokalizacja: Warszawa &#8211; Targ\u00f3wek (Br\u00f3dno) &#8211; blisko metra &#8211; wysiadka na stacji [&hellip;]<\/p>\n","protected":false},"author":1,"featured_media":0,"parent":0,"menu_order":0,"comment_status":"closed","ping_status":"closed","template":"","meta":{"footnotes":""},"class_list":["post-4923","page","type-page","status-publish","hentry"],"_links":{"self":[{"href":"https:\/\/izoteryk.pl\/index.php?rest_route=\/wp\/v2\/pages\/4923","targetHints":{"allow":["GET"]}}],"collection":[{"href":"https:\/\/izoteryk.pl\/index.php?rest_route=\/wp\/v2\/pages"}],"about":[{"href":"https:\/\/izoteryk.pl\/index.php?rest_route=\/wp\/v2\/types\/page"}],"author":[{"embeddable":true,"href":"https:\/\/izoteryk.pl\/index.php?rest_route=\/wp\/v2\/users\/1"}],"replies":[{"embeddable":true,"href":"https:\/\/izoteryk.pl\/index.php?rest_route=%2Fwp%2Fv2%2Fcomments&post=4923"}],"version-history":[{"count":14,"href":"https:\/\/izoteryk.pl\/index.php?rest_route=\/wp\/v2\/pages\/4923\/revisions"}],"predecessor-version":[{"id":6120,"href":"https:\/\/izoteryk.pl\/index.php?rest_route=\/wp\/v2\/pages\/4923\/revisions\/6120"}],"wp:attachment":[{"href":"https:\/\/izoteryk.pl\/index.php?rest_route=%2Fwp%2Fv2%2Fmedia&parent=4923"}],"curies":[{"name":"wp","href":"https:\/\/api.w.org\/{rel}","templated":true}]}}