{"id":1217,"date":"2022-11-17T22:38:10","date_gmt":"2022-11-17T21:38:10","guid":{"rendered":"https:\/\/izoteryk.pl\/?page_id=1217"},"modified":"2024-02-08T15:04:21","modified_gmt":"2024-02-08T14:04:21","slug":"regulamin","status":"publish","type":"page","link":"https:\/\/izoteryk.pl\/?page_id=1217","title":{"rendered":"Regulamin sklepu"},"content":{"rendered":"\n<p><a href=\"https:\/\/www.facebook.com\/timonistos\" target=\"_blank\" rel=\"noreferrer noopener\"><\/a><a href=\"https:\/\/www.youtube.com\/channel\/UC9XZjzpkvUdNpUXhyKGb30A\" target=\"_blank\" rel=\"noreferrer noopener\"><\/a><a href=\"mailto:sklep@timonistos.pl\"><\/a><\/p>\n\n\n\n<p><a href=\"https:\/\/timonistos.pl\/\"><\/a><\/p>\n\n\n\n<p>Niniejszy regulamin zawiera warunki oraz informacje, kt\u00f3re s\u0105 podstaw\u0105 do zawarcia umowy mi\u0119dzy sprzedawc\u0105 a kupuj\u0105cym. <\/p>\n\n\n\n<h2 class=\"wp-block-heading\">Kim jeste\u015bmy<\/h2>\n\n\n\n<p>Izoteryk to sklep internetowy prowadzony na zasadach dzia\u0142alno\u015bci nierejestrowanej z siedzib\u0105 w Warszawie na Targ\u00f3wku ul. Malborska 4\/25, 03-286 Warszawa, gmina Targ\u00f3wek, woj. mazowieckie, miejsce prowadzenia dzia\u0142alno\u015bci: obszar-Rzeczypospolitej. Niniejszy sklep prowadzi Izabela Siwczak z kt\u00f3r\u0105 mo\u017cna skontaktowa\u0107 si\u0119 drog\u0105 mailow\u0105 sklep@izoteryk.pl b\u0105d\u017a telefonicznie tel.: 796 099 040.<\/p>\n\n\n\n<h2 class=\"wp-block-heading\">Nasza dzia\u0142alno\u015b\u0107<\/h2>\n\n\n\n<p>Nasz\u0105 dzia\u0142alno\u015bci\u0105 jest wytwarzanie z p\u00f3\u0142fabrykat\u00f3w produkt\u00f3w o charakterze ozdobnym oraz internetowa sprzeda\u017c tych\u017ce produkt\u00f3w a tak\u017ce internetowa sprzeda\u017c detaliczna produkt\u00f3w zakupionych u producent\u00f3w, w hurtowniach lub na aukcjach internetowych w celu ich dalszej odsprzeda\u017cy. Tematyk\u0105 naszego sklepu internetowego jest g\u0142\u00f3wnie ezoteryka, jednak w kategoriach mo\u017cna znale\u017a\u0107 dzia\u0142 z bi\u017cuteri\u0105 i innymi wyrobami handmade, kt\u00f3re nie s\u0105 tematycznie zwi\u0105zane z ezoteryk\u0105, a mog\u0105 pe\u0142ni\u0107 jedynie funkcj\u0119 ozdobn\u0105.<\/p>\n\n\n\n<h2 class=\"wp-block-heading\">Przedsi\u0119biorcy i konsumenci<\/h2>\n\n\n\n<p>Osob\u0105 kupuj\u0105c\u0105 w naszym sklepie mo\u017ce by\u0107 osoba fizyczna prowadz\u0105ca dzia\u0142alno\u015b\u0107 gospodarcz\u0105 lub zawodow\u0105 w dziedzinie zwi\u0105zanej z dzia\u0142alno\u015bci\u0105 naszego sklepu, osoba prawna lub jednostka organizacyjna nie posiadaj\u0105ca osobowo\u015bci prawnej, posiadaj\u0105ca konto poczty elektronicznej, zwana dalej przedsi\u0119biorc\u0105. Kupuj\u0105cym mo\u017ce by\u0107 r\u00f3wnie\u017c osoba fizyczna posiadaj\u0105ca pe\u0142n\u0105 zdolno\u015b\u0107 do czynno\u015bci prawnych, dokonuj\u0105ca w naszym sklepie zakupu niezwi\u0105zanego bezpo\u015brednio z jej dzia\u0142alno\u015bci\u0105 gospodarcz\u0105 lub zawodow\u0105, zwana dalej Konsumentem. Osoby kupuj\u0105ce w naszym sklepie s\u0105 zobowi\u0105zane do zapoznania si\u0119 z tre\u015bci\u0105 regulaminu, kt\u00f3ry jest cz\u0119\u015bci\u0105 umowy zawartej mi\u0119dzy kupuj\u0105cym a sprzedawc\u0105 oraz do zaakceptowania regulaminu.<\/p>\n\n\n\n<h2 class=\"wp-block-heading\">Asortyment<\/h2>\n\n\n\n<p>Asortyment sklepu stanowi wyrabiana przeze mnie z p\u00f3\u0142fabrykat\u00f3w bi\u017cuteria z kamienia naturalnego, metalu oraz sznurka &#8211; wi\u0119kszo\u015b\u0107 bransoletek robiona jest na bazie gumki. W asortymencie sklepu mog\u0105 znajdowa\u0107 si\u0119 r\u00f3wnie\u017c inne przedmioty zbli\u017cone tematycznie, kt\u00f3re nie s\u0105 moimi wyrobami ale jedynie towarem, kt\u00f3ry nasz sklep skupuje w cenie hurtowej do dalszej odsprzeda\u017cy detalicznej. Amulety i talizmany, kt\u00f3re sprzedaj\u0119 nie s\u0105 \u0142adowane przeze mnie \u017cadn\u0105 specjaln\u0105 magiczn\u0105 moc\u0105 &#8211; s\u0105 to jedynie symbole i przedmioty, kt\u00f3re w niekt\u00f3rych kr\u0119gach uznawane s\u0105 za przynosz\u0105ce szcz\u0119\u015bcie. Produkty opisywane s\u0105 na podstawie og\u00f3lnodost\u0119pnej wiedzy ezoterycznej, kt\u00f3ra nie jest poparta naukowo &#8211; mo\u017cna w to jedynie wierzy\u0107 lub nie. W asortymencie sklepu znajduj\u0105 si\u0119 r\u00f3wnie\u017c przedmioty nie zwi\u0105zane z ezoteryk\u0105 &#8211; mog\u0105ce mie\u0107 jedynie walory estetyczne &#8211; b\u0119dzie to wyrabiana przeze mnie sztuczna bi\u017cuteria ze szklanych lub akrylowych koralik\u00f3w i zawieszek, mog\u0105ca zawiera\u0107 elementy metalowe, sznurek lub gumk\u0119, oraz ozdoby ze sznurka i drewna. <\/p>\n\n\n\n<h2 class=\"wp-block-heading\">Wymagania sprz\u0119towe i bezpiecze\u0144stwo<\/h2>\n\n\n\n<p>Do zrobienia zakup\u00f3w w naszym sklepie potrzebny jest komputer stacjonarny laptop, tablet, smartfon lub inne urz\u0105dzenie mobilne z oprogramowaniem windows lub android. Ponadto przedsi\u0119biorca lub konsument kupuj\u0105cy w naszym sklepie powinien mie\u0107 utworzon\u0105 poczt\u0119 elektroniczn\u0105. Kupuj\u0105cy powinien upewni\u0107 si\u0119 czy po\u0142\u0105czenie jest bezpieczne. Wszelkie dane potrzebne do wysy\u0142ki kupuj\u0105cy podaje wype\u0142niaj\u0105c formularz zakupowy na platformie sklepu wysy\u0142kowego Izoteryk \u2013 w \u017cadnym wypadku nie nale\u017cy podawa\u0107 swojego has\u0142a do konta, ani innych danych drog\u0105 telefoniczn\u0105 lub mailow\u0105. W razie jakiegokolwiek podejrzenia zagro\u017cenia np. wy\u0142udzania danych lub jakichkolwiek w\u0105tpliwo\u015bci prosimy o skontaktowanie si\u0119 z nami drog\u0105 mailow\u0105 na adres: sklep@izoteryk.pl<\/p>\n\n\n\n<h2 class=\"wp-block-heading\">Dostawa i koszty wysy\u0142ki<\/h2>\n\n\n\n<p>Do zakupionego towaru doliczane s\u0105 koszty wysy\u0142ki. Dostawa jest realizowana przez wys\u0142anie przesy\u0142k\u0105 listow\u0105, lub paczk\u0105 nadan\u0105 za po\u015brednictwem Poczty Polskiej, albo poprzez automaty InPost. Koszty wysy\u0142ki s\u0105 zgodne z kosztami wybranego przez Pa\u0144stwa podczas zakupu dostawcy oraz zgodne z gabarytem przesy\u0142ki.<\/p>\n\n\n\n<h2 class=\"wp-block-heading\">Kraj wysy\u0142ki \u2013 Polska<\/h2>\n\n\n\n<p>Sklep nie realizuje wysy\u0142ki poza granic\u0119 Polski<\/p>\n\n\n\n<h2 class=\"wp-block-heading\">Odbi\u00f3r osobisty<\/h2>\n\n\n\n<p>Mo\u017cliwe jest odebranie przez Pa\u0144stwa towaru osobi\u015bcie w siedzibie Sklepu po wcze\u015bniejszym um\u00f3wieniu si\u0119 na konkretny dzie\u0144 i konkretn\u0105 godzin\u0119.<\/p>\n\n\n\n<h2 class=\"wp-block-heading\">P\u0142atno\u015bci<\/h2>\n\n\n\n<p>Za zakupiony towar i wybran\u0105 wysy\u0142k\u0119 nale\u017cy ui\u015bci\u0107 op\u0142at\u0119 przelewem na konto sklepu. W przypadku nie wp\u0142yni\u0119cia ustalonej kwoty w ci\u0105gu 7 dni sklep Izoteryk ma prawo anulowa\u0107 zam\u00f3wienie i do\u0142\u0105czy\u0107 nieop\u0142acony towar do asortymentu.<\/p>\n\n\n\n<h2 class=\"wp-block-heading\">Zakupy<\/h2>\n\n\n\n<p>Przedsi\u0119biorca lub Konsument wybiera towar prezentowany na stronie internetowej www.izoteryk.pl i sk\u0142ada zam\u00f3wienie. Oferta Sklepu ma charakter wi\u0105\u017c\u0105cy przez okres jej prezentacji na wy\u017cej wymienionej stronie internetowej. Sklep wysy\u0142kowy Izoteryk dok\u0142ada wszelkich stara\u0144, aby opis oferty jak najdok\u0142adniej odpowiada\u0142 rzeczywisto\u015bci. Ceny podane w ofercie s\u0105 cenami brutto i s\u0105 wi\u0105\u017c\u0105ce obie strony w chwili z\u0142o\u017cenia zam\u00f3wienia.<\/p>\n\n\n\n<p>W przypadku, gdy oka\u017ce si\u0119, \u017ce zam\u00f3wienie nie mo\u017ce by\u0107 zrealizowane z powodu, braku towaru w magazynie niezw\u0142ocznie zwracane s\u0105 wszelkie wp\u0142acone koszty konsumentowi. Przy zam\u00f3wieniach wi\u0119cej ni\u017c jednej rzeczy w wypadku, gdy kt\u00f3rej\u015b z tych rzeczy nie ma w magazynie co uniemo\u017cliwia zakup konsument ma prawo zrezygnowa\u0107 r\u00f3wnie\u017c z reszty zam\u00f3wionych towar\u00f3w.<\/p>\n\n\n\n<h2 class=\"wp-block-heading\">Zam\u00f3wienie<\/h2>\n\n\n\n<p>Zam\u00f3wienie jest traktowane jako zaproszenie do umowy, czyli oferta z\u0142o\u017cona przez klienta a nie jako sama umowa. W przypadku niedost\u0119pno\u015bci towaru lub zaistnia\u0142ej jakiejkolwiek pomy\u0142ki np. w kwestii ceny lub rozmiaru sklep ro\u015bci sobie prawo do sprostowania zaistnia\u0142ej pomy\u0142ki i poprawienia jej.<\/p>\n\n\n\n<h2 class=\"wp-block-heading\">Faktura<\/h2>\n\n\n\n<p>Faktura wysy\u0142ana jest na adres e-mail podany podczas sk\u0142adania zam\u00f3wienia na wyra\u017an\u0105 pro\u015bb\u0119 kupuj\u0105cego &#8211; faktura ta nie zawiera podatku vat. <\/p>\n\n\n\n<p>Sklep wysy\u0142kowy Izoteryk jest zwolniony z obowi\u0105zku wystawiania faktury jednak musi to uczyni\u0107 w przypadku, gdy \u017c\u0105danie jej wystawienia zosta\u0142o zg\u0142oszone w terminie 3 miesi\u0119cy od ko\u0144ca miesi\u0105ca, w kt\u00f3rym dostarczono towar \u2013 b\u0119dzie mog\u0142a to by\u0107 faktura uproszczona, kt\u00f3ra zawiera jedynie:<\/p>\n\n\n\n<ul class=\"wp-block-list\">\n<li>dat\u0119 wystawienia,<\/li>\n\n\n\n<li>imiona i nazwiska lub nazwy podatnika i nabywcy towar\u00f3w lub us\u0142ug oraz ich adresy,<\/li>\n\n\n\n<li>nazw\u0119 (rodzaj) towaru lub us\u0142ugi,<\/li>\n\n\n\n<li>miar\u0119 i ilo\u015b\u0107 (liczb\u0119) dostarczonych towar\u00f3w lub zakres wykonanych us\u0142ug,<\/li>\n\n\n\n<li>cen\u0119 jednostkow\u0105 towaru lub us\u0142ugi,<\/li>\n\n\n\n<li>kwot\u0119 nale\u017cno\u015bci og\u00f3\u0142em.<\/li>\n<\/ul>\n\n\n\n<h2 class=\"wp-block-heading\">Poczta elektroniczna<\/h2>\n\n\n\n<p>Bardzo wa\u017cn\u0105 rol\u0119 w sprzeda\u017cy wysy\u0142kowej odgrywa poczta elektroniczna. Sklep nie ponosi odpowiedzialno\u015bci za problemy wynik\u0142e z blokowania wiadomo\u015bci email przez administrator\u00f3w serwer\u00f3w lub oprogramowania uniemo\u017cliwiaj\u0105cego kontakt. W przypadku braku potwierdzenia przyj\u0119cia zam\u00f3wienia przez sklep Izoteryk prosimy o skontaktowanie si\u0119 telefoniczne na numer 796 099 040<\/p>\n\n\n\n<h2 class=\"wp-block-heading\">Odst\u0105pienie od umowy<\/h2>\n\n\n\n<p>Na podstawie Ustawy z dnia 30 maja 2014 r. o prawach konsumenta, Konsument ma prawo do odst\u0105pienia od umowy w terminie 14 dni bez podania jakiejkolwiek przyczyny. W takiej sytuacji umowa jest uwa\u017cana za niezawart\u0105, a Konsument jest zwolniony z wszelkich zobowi\u0105za\u0144. To, co strony sobie \u015bwiadczy\u0142y, ulega zwrotowi w stanie niezmienionym, chyba \u017ce zmiana by\u0142a konieczna w granicach zwyk\u0142ego zarz\u0105du. Zwrot powinien nast\u0105pi\u0107 niezw\u0142ocznie, nie p\u00f3\u017aniej ni\u017c w terminie 14 dni. Termin odst\u0105pienia od umowy wygasa po up\u0142ywie 14 dni od dnia, w kt\u00f3rym Konsument lub osoba trzecia wskazana przez konsumenta wszed\u0142 w posiadanie kupionej rzeczy.<\/p>\n\n\n\n<p>Aby dokona\u0107 zwrotu nale\u017cy jednoznacznie i niezw\u0142ocznie powiadomi\u0107 sklep o swoim postanowieniu \u2013 w tym celu mo\u017cna u\u017cy\u0107 poni\u017cszego formularza:<\/p>\n\n\n\n<p>Sklep wysy\u0142kowy Izoteryk \u2013 Izabela Siwczak \u2013 ul. Malborska 4\/25, 03-286 Warszawa<\/p>\n\n\n\n<p>Ja -\u2026\u2026\u2026\u2026\u2026.. (imi\u0119 i nazwisko) niniejszym informuj\u0119 o moim odst\u0105pieniu od umowy sprzeda\u017cy nast\u0119puj\u0105cych rzeczy : \u2026\u2026\u2026\u2026\u2026.<\/p>\n\n\n\n<p>Data zawarcia umowy\/odbioru: \u2026\u2026\u2026\u2026\u2026..<\/p>\n\n\n\n<p>Imi\u0119 i nazwisko Konsumenta: \u2026\u2026\u2026\u2026\u2026\u2026.<\/p>\n\n\n\n<p>Adres Konsumenta: \u2026\u2026\u2026\u2026\u2026\u2026\u2026.<\/p>\n\n\n\n<p>Podpis Konsumenta \u2013 tylko je\u017celi formularz jest przesy\u0142any w wersji papierowej)<\/p>\n\n\n\n<p>Data<\/p>\n\n\n\n<h2 class=\"wp-block-heading\">Zwrot towaru<\/h2>\n\n\n\n<p>Towar nale\u017cy zwr\u00f3ci\u0107 do sklepu na sw\u00f3j koszt przesy\u0142k\u0105 rejestrowan\u0105 umo\u017cliwiaj\u0105c\u0105 jej \u015bledzenie w ci\u0105gu 14 dni od pisemnego z\u0142o\u017cenia odst\u0105pienia od umowy.<\/p>\n\n\n\n<h2 class=\"wp-block-heading\">Zwrot koszt\u00f3w za zwr\u00f3cony towar<\/h2>\n\n\n\n<p>W przypadku odst\u0105pienia od umowy konsumentowi zostan\u0105 zwr\u00f3cone koszty produktu wraz z najta\u0144szym dost\u0119pnym w sklepie kosztem wysy\u0142ki.<\/p>\n\n\n\n<h2 class=\"wp-block-heading\">Reklamacje<\/h2>\n\n\n\n<p>Konsumentowi przys\u0142uguje prawo do sk\u0142adania reklamacji na towary nie zgodne z opisem lub posiadaj\u0105ce wad\u0119 uniemo\u017cliwiaj\u0105c\u0105 u\u017cytkowanie. Okres gwarancji na produkty trwa dwa lata.<\/p>\n\n\n\n<p>Reklamacji nie podlegaj\u0105 przedmioty z uszkodzeniami mechanicznymi b\u0119d\u0105cymi skutkiem niew\u0142a\u015bciwego ich u\u017cytkowania.<\/p>\n\n\n\n<p>Aby z\u0142o\u017cy\u0107 reklamacj\u0119 nale\u017cy skontaktowa\u0107 si\u0119 ze sklepem drog\u0105 mailow\u0105 i opisa\u0107 zauwa\u017con\u0105 przez siebie wad\u0119 towaru. Sklep rozpatrzy spraw\u0119 niezw\u0142ocznie nie p\u00f3\u017aniej jednak ni\u017c w ci\u0105gu 14 dni skontaktuje si\u0119 z klientem. W przypadku pozytywnie rozpatrzonej reklamacji je\u015bli b\u0119dzie to mo\u017cliwe sklep naprawi wadliwy towar a je\u015bli nie b\u0119dzie to mo\u017cliwe wymieni towar na nowy lub zwr\u00f3ci nale\u017cn\u0105 kwot\u0119 nie p\u00f3\u017aniej ni\u017c w ci\u0105gu 30 dni od rozpatrzenia sprawy.<\/p>\n\n\n\n<h2 class=\"wp-block-heading\">Prawa autorskie<\/h2>\n\n\n\n<p>Wszelkie zdj\u0119cia i tre\u015bci umieszczone na stronie s\u0105 w\u0142asno\u015bci\u0105 sklepu i s\u0105 chronione prawami autorskimi. Kopiowanie i umieszczanie zdj\u0119\u0107 i tre\u015bci na innych witrynach jest zabronione.<\/p>\n\n\n\n<h2 class=\"wp-block-heading\">Odpowiedzialno\u015b\u0107 u\u017cytkownika<\/h2>\n\n\n\n<p>U\u017cytkownikom nie wolno jest w spos\u00f3b bezprawny narusza\u0107 dzia\u0142ania sklepu i umieszcza\u0107 bezprawnych, obra\u017aliwych lub rasistowskich tre\u015bci na platformie sklepu Izoteryk.pl. W przypadku naruszenia regulaminu u\u017cytkownik mo\u017ce ponie\u015b\u0107 odpowiedzialno\u015b\u0107 prawn\u0105.<\/p>\n\n\n\n<h2 class=\"wp-block-heading\">Dane osobowe<\/h2>\n\n\n\n<p>Administratorem danych osobowych jest w\u0142a\u015bcicielka \u2013 Izabela Siwczak prowadz\u0105ca sklep wysy\u0142kowy Izoteryk ul. Malborska 4\/25, 03-286 Warszawa tel.: 796 099 040 email: sklep@izoteryk.pl<\/p>\n\n\n\n<p>Wszelkie dane otrzymane przy zam\u00f3wieniu sklep wykorzystuje tylko i wy\u0142\u0105cznie w celu zrealizowania zam\u00f3wienia oraz do prowadzenia wewn\u0119trznej statystyki i niezb\u0119dnej do prawid\u0142owego funkcjonowania sklepu dokumentacji. Dane b\u0119d\u0105 przechowywane przez czas nieokre\u015blony \u2013 a\u017c do chwili wyga\u015bni\u0119cia umowy.<\/p>\n\n\n\n<p>Wi\u0119cej o przetwarzaniu danych znajdziecie na stronie&nbsp;<a href=\"https:\/\/izoteryk.pl\/?page_id=3\" target=\"_blank\" rel=\"noreferrer noopener\">polityka prywatno\u015bci<\/a><\/p>\n\n\n\n<h2 class=\"wp-block-heading\">Zmiana regulaminu<\/h2>\n\n\n\n<p>Zaznaczam, \u017ce przys\u0142uguje mi prawo do zmiany regulaminu. Przy zawieraniu umowy obowi\u0105zuje regulamin z dnia zawarcia umowy kupna-sprzeda\u017cy.<\/p>\n\n\n\n<p>Ostatnia poprawka dotycz\u0105ca asortymentu sklepu zosta\u0142a wprowadzona 18.12.2022.<\/p>\n\n\n\n<p>Ostatnia poprawka dotycz\u0105ca zmiany e-maila zosta\u0142a wprowadzona 08.02.2024<\/p>\n","protected":false},"excerpt":{"rendered":"<p>Niniejszy regulamin zawiera warunki oraz informacje, kt\u00f3re s\u0105 podstaw\u0105 do zawarcia umowy mi\u0119dzy sprzedawc\u0105 a kupuj\u0105cym. Kim jeste\u015bmy Izoteryk to sklep internetowy prowadzony na zasadach dzia\u0142alno\u015bci nierejestrowanej z siedzib\u0105 w Warszawie na Targ\u00f3wku ul. Malborska 4\/25, 03-286 Warszawa, gmina Targ\u00f3wek, woj. mazowieckie, miejsce prowadzenia dzia\u0142alno\u015bci: obszar-Rzeczypospolitej. Niniejszy sklep prowadzi Izabela Siwczak z kt\u00f3r\u0105 mo\u017cna skontaktowa\u0107 [&hellip;]<\/p>\n","protected":false},"author":1,"featured_media":0,"parent":0,"menu_order":0,"comment_status":"closed","ping_status":"closed","template":"","meta":{"footnotes":""},"class_list":["post-1217","page","type-page","status-publish","hentry"],"_links":{"self":[{"href":"https:\/\/izoteryk.pl\/index.php?rest_route=\/wp\/v2\/pages\/1217","targetHints":{"allow":["GET"]}}],"collection":[{"href":"https:\/\/izoteryk.pl\/index.php?rest_route=\/wp\/v2\/pages"}],"about":[{"href":"https:\/\/izoteryk.pl\/index.php?rest_route=\/wp\/v2\/types\/page"}],"author":[{"embeddable":true,"href":"https:\/\/izoteryk.pl\/index.php?rest_route=\/wp\/v2\/users\/1"}],"replies":[{"embeddable":true,"href":"https:\/\/izoteryk.pl\/index.php?rest_route=%2Fwp%2Fv2%2Fcomments&post=1217"}],"version-history":[{"count":11,"href":"https:\/\/izoteryk.pl\/index.php?rest_route=\/wp\/v2\/pages\/1217\/revisions"}],"predecessor-version":[{"id":4937,"href":"https:\/\/izoteryk.pl\/index.php?rest_route=\/wp\/v2\/pages\/1217\/revisions\/4937"}],"wp:attachment":[{"href":"https:\/\/izoteryk.pl\/index.php?rest_route=%2Fwp%2Fv2%2Fmedia&parent=1217"}],"curies":[{"name":"wp","href":"https:\/\/api.w.org\/{rel}","templated":true}]}}